{"id":74,"date":"2023-07-28T22:07:14","date_gmt":"2023-07-28T20:07:14","guid":{"rendered":"https:\/\/os-ivanovec.skole.hr\/?page_id=74"},"modified":"2026-04-07T12:23:58","modified_gmt":"2026-04-07T10:23:58","slug":"skolska-kuhinja","status":"publish","type":"page","link":"https:\/\/os-ivanovec.skole.hr\/?page_id=74","title":{"rendered":"Jelovnik"},"content":{"rendered":"\n<p class=\"has-text-align-center\">Na ovoj stranici mo\u017eete pogledati jelovnik na\u0161e \u0161kolske kuhinje.<\/p>\n\n\n\n<div class=\"wp-block-file\"><a id=\"wp-block-file--media-7114acd6-9c32-48a1-bd8f-5bfd7c863357\" href=\"https:\/\/os-ivanovec.skole.hr\/wp-content\/uploads\/sites\/1042\/2026\/04\/JELOVNIK-ZA-TRAVANJ.docx\">JELOVNIK-ZA-TRAVANJ<\/a><a href=\"https:\/\/os-ivanovec.skole.hr\/wp-content\/uploads\/sites\/1042\/2026\/04\/JELOVNIK-ZA-TRAVANJ.docx\" class=\"wp-block-file__button wp-element-button\" download aria-describedby=\"wp-block-file--media-7114acd6-9c32-48a1-bd8f-5bfd7c863357\">Preuzmi<\/a><\/div>\n\n\n\n<div class=\"wp-block-file\"><a id=\"wp-block-file--media-09a64ee4-b7c4-41aa-b140-bab84e3ca474\" href=\"https:\/\/os-ivanovec.skole.hr\/wp-content\/uploads\/sites\/1042\/2026\/03\/JELOVNIK-ZA-OZUJAK.docx\">JELOVNIK-ZA-OZUJAK<\/a><a href=\"https:\/\/os-ivanovec.skole.hr\/wp-content\/uploads\/sites\/1042\/2026\/03\/JELOVNIK-ZA-OZUJAK.docx\" class=\"wp-block-file__button wp-element-button\" download aria-describedby=\"wp-block-file--media-09a64ee4-b7c4-41aa-b140-bab84e3ca474\">Preuzmi<\/a><\/div>\n\n\n\n<div class=\"wp-block-file\"><a id=\"wp-block-file--media-af4c9de6-adad-4b71-850e-8f5a7fd874b2\" href=\"https:\/\/os-ivanovec.skole.hr\/wp-content\/uploads\/sites\/1042\/2026\/03\/JELOVNIK-ZA-VELJACU.docx\">JELOVNIK-ZA-VELJACU<\/a><a href=\"https:\/\/os-ivanovec.skole.hr\/wp-content\/uploads\/sites\/1042\/2026\/03\/JELOVNIK-ZA-VELJACU.docx\" class=\"wp-block-file__button wp-element-button\" download aria-describedby=\"wp-block-file--media-af4c9de6-adad-4b71-850e-8f5a7fd874b2\">Preuzmi<\/a><\/div>\n\n\n\n<div data-wp-interactive=\"core\/file\" class=\"wp-block-file\"><object data-wp-bind--hidden=\"!state.hasPdfPreview\" hidden class=\"wp-block-file__embed\" data=\"https:\/\/os-ivanovec.skole.hr\/wp-content\/uploads\/sites\/1042\/2026\/01\/jelovnik-za-sijecanj.pdf\" type=\"application\/pdf\" style=\"width:100%;height:600px\" aria-label=\"Ugra\u0111eno jelovnik-za-sijecanj.\"><\/object><a id=\"wp-block-file--media-dd5f63d3-c8f1-43db-87c5-3e2c95cfac3a\" href=\"https:\/\/os-ivanovec.skole.hr\/wp-content\/uploads\/sites\/1042\/2026\/01\/jelovnik-za-sijecanj.pdf\">jelovnik-za-sijecanj<\/a><a href=\"https:\/\/os-ivanovec.skole.hr\/wp-content\/uploads\/sites\/1042\/2026\/01\/jelovnik-za-sijecanj.pdf\" class=\"wp-block-file__button wp-element-button\" download aria-describedby=\"wp-block-file--media-dd5f63d3-c8f1-43db-87c5-3e2c95cfac3a\">Preuzmi<\/a><\/div>\n\n\n\n<div data-wp-interactive=\"core\/file\" class=\"wp-block-file\"><object data-wp-bind--hidden=\"!state.hasPdfPreview\" hidden class=\"wp-block-file__embed\" data=\"https:\/\/os-ivanovec.skole.hr\/wp-content\/uploads\/sites\/1042\/2025\/12\/Jelovnik-za-PROSINAC.pdf\" type=\"application\/pdf\" style=\"width:100%;height:600px\" aria-label=\"Ugra\u0111eno Jelovnik-za-PROSINAC.\"><\/object><a id=\"wp-block-file--media-f08178d4-9bd4-4670-8d0d-bfa0e699fc96\" href=\"https:\/\/os-ivanovec.skole.hr\/wp-content\/uploads\/sites\/1042\/2025\/12\/Jelovnik-za-PROSINAC.pdf\">Jelovnik-za-PROSINAC<\/a><a href=\"https:\/\/os-ivanovec.skole.hr\/wp-content\/uploads\/sites\/1042\/2025\/12\/Jelovnik-za-PROSINAC.pdf\" class=\"wp-block-file__button wp-element-button\" download aria-describedby=\"wp-block-file--media-f08178d4-9bd4-4670-8d0d-bfa0e699fc96\">Preuzmi<\/a><\/div>\n\n\n\n<div class=\"wp-block-file\"><a id=\"wp-block-file--media-87baaf99-513e-4db5-b77c-dca75fb7505a\" href=\"https:\/\/os-ivanovec.skole.hr\/wp-content\/uploads\/sites\/1042\/2025\/11\/JELOVNIK-ZA-STUDENI.docx\">JELOVNIK-ZA-STUDENI<\/a><a href=\"https:\/\/os-ivanovec.skole.hr\/wp-content\/uploads\/sites\/1042\/2025\/11\/JELOVNIK-ZA-STUDENI.docx\" class=\"wp-block-file__button wp-element-button\" download aria-describedby=\"wp-block-file--media-87baaf99-513e-4db5-b77c-dca75fb7505a\">Preuzmi<\/a><\/div>\n\n\n\n<p><\/p>\n\n\n\n<div class=\"wp-block-file\"><a id=\"wp-block-file--media-16113c2b-d0b3-4305-ac86-282ca43a5758\" href=\"https:\/\/os-ivanovec.skole.hr\/wp-content\/uploads\/sites\/1042\/2025\/10\/JELOVNIK-ZA-LISTOPAD.docx\">JELOVNIK-ZA-LISTOPAD<\/a><a href=\"https:\/\/os-ivanovec.skole.hr\/wp-content\/uploads\/sites\/1042\/2025\/10\/JELOVNIK-ZA-LISTOPAD.docx\" class=\"wp-block-file__button wp-element-button\" download aria-describedby=\"wp-block-file--media-16113c2b-d0b3-4305-ac86-282ca43a5758\">Preuzmi<\/a><\/div>\n\n\n\n<div class=\"wp-block-file\"><a id=\"wp-block-file--media-867b9f1f-f34d-421b-95cc-af1c1c3174aa\" href=\"https:\/\/os-ivanovec.skole.hr\/wp-content\/uploads\/sites\/1042\/2025\/09\/Jelovnik-za-RUJAN.docx\">Jelovnik-za-RUJAN<\/a><a href=\"https:\/\/os-ivanovec.skole.hr\/wp-content\/uploads\/sites\/1042\/2025\/09\/Jelovnik-za-RUJAN.docx\" class=\"wp-block-file__button wp-element-button\" download aria-describedby=\"wp-block-file--media-867b9f1f-f34d-421b-95cc-af1c1c3174aa\">Preuzmi<\/a><\/div>\n\n\n\n<div class=\"wp-block-group alignwide is-content-justification-center is-nowrap is-layout-flex wp-container-core-group-is-layout-94bc23d7 wp-block-group-is-layout-flex\"><\/div>\n\n\n\n<p class=\"has-text-align-center\">Od \u0161kolske godine 2022.\/2023. jelovnik za sve \u010dakove\u010dke&nbsp;\u0161kole je jednak, formiran od tima nutricionista i kuhara.<\/p>\n\n\n\n<p class=\"has-text-align-center\"><strong>\u0160kola zadr\u017eava pravo izmjene jelovnika.<\/strong><\/p>\n\n\n\n<p><\/p>\n\n\n\n<p><\/p>\n","protected":false},"excerpt":{"rendered":"<p>Na ovoj stranici mo\u017eete pogledati jelovnik na\u0161e \u0161kolske kuhinje. Od \u0161kolske godine 2022.\/2023. jelovnik za sve \u010dakove\u010dke&nbsp;\u0161kole je jednak, formiran od tima nutricionista i kuhara. \u0160kola zadr\u017eava pravo izmjene jelovnika.<\/p>\n","protected":false},"author":9689,"featured_media":0,"parent":0,"menu_order":0,"comment_status":"closed","ping_status":"closed","template":"","meta":{"_et_pb_use_builder":"off","_et_pb_old_content":"<!-- wp:paragraph -->\n<p>Na ovoj stranici mo\u017eete pogledati jelovnik na\u0161e \u0161kolske kuhinje.<\/p>\n<!-- \/wp:paragraph -->\n\n<!-- wp:paragraph -->\n<p>Od \u0161kolske godine 2022.\/2023. jelovnik za sve \u010dakove\u010dke&nbsp;\u0161kole je jednak, formiran od tima nutricionista i kuhara.<\/p>\n<!-- \/wp:paragraph -->\n\n<!-- wp:image {\"id\":294057,\"sizeSlug\":\"medium\",\"linkDestination\":\"none\",\"align\":\"center\",\"className\":\"is-style-default\"} -->\n<figure class=\"wp-block-image aligncenter size-medium is-style-default\"><img src=\"https:\/\/os-ivanovec.skole.hr\/wp-content\/uploads\/sites\/1042\/2024\/12\/image-10-300x225.jpg\" alt=\"\" class=\"wp-image-294057\" \/><\/figure>\n<!-- \/wp:image -->\n\n<!-- wp:file {\"id\":294963,\"href\":\"https:\/\/os-ivanovec.skole.hr\/wp-content\/uploads\/sites\/1042\/2025\/01\/JELOVNIK-ZA-SIJECANJ.docx\"} -->\n<div class=\"wp-block-file\"><a id=\"wp-block-file--media-92b6aa2e-7c88-4bed-a4a9-f4c448eba9e6\" href=\"https:\/\/os-ivanovec.skole.hr\/wp-content\/uploads\/sites\/1042\/2025\/01\/JELOVNIK-ZA-SIJECANJ.docx\">JELOVNIK-ZA-SIJECANJ<\/a><a href=\"https:\/\/os-ivanovec.skole.hr\/wp-content\/uploads\/sites\/1042\/2025\/01\/JELOVNIK-ZA-SIJECANJ.docx\" class=\"wp-block-file__button wp-element-button\" download aria-describedby=\"wp-block-file--media-92b6aa2e-7c88-4bed-a4a9-f4c448eba9e6\">Preuzmi<\/a><\/div>\n<!-- \/wp:file -->\n\n<p><strong>JELOVNIK ZA SIJE\u010cANJ<\/strong><\/p>\n<p>\u00a0<\/p>\n<ol start=\"7\">\n<li>1. UTORAK buhtla od \u010dokolade, \u010dokoladno mlijeko<\/li>\n<li>1. SRIJEDA tjestenina s vrhnjem, muffin<\/li>\n<li>1. \u010cETVRTAK paprika\u0161 s \u0161ampinjonima, hajdinska ka\u0161a, vo\u0107e<\/li>\n<li>1. PETAK pe\u010dena piletina, prosena ka\u0161a, krastavci<\/li>\n<\/ol>\n<p>\u00a0<\/p>\n<ol start=\"13\">\n<li>1. PONEDJELJAK gris od \u010dokolade, pletenica<\/li>\n<li>1. UTORAK pure\u0107i kosani odrezak, restani krumpir, salata<\/li>\n<li>1. SRIJEDA kupus varivo sa suhom vratinom, banana<\/li>\n<li>1. \u010cETVRTAK ri\u017ea s mljevenim mesom, zelena salata<\/li>\n<li>1. PETAK sendvi\u010d s osli\u0107em, puding vanilija<\/li>\n<\/ol>\n<p>\u00a0<\/p>\n<ol start=\"20\">\n<li>1. PONEDJELJAK dinosauri, rizi \u2013 bizi, vo\u0107e<\/li>\n<li>1. UTORAK sekeli gula\u0161, pire krumpir, sok<\/li>\n<li>1. SRIJEDA temfana puretina, pu\u017ei\u0107i, vo\u0107e<\/li>\n<li>1. \u010cETVRTAK svinjski gula\u0161, slani klipi\u0107, jabuka<\/li>\n<li>1. PETAK pe\u010deni zabatak, svrdla, salata<\/li>\n<\/ol>\n<p>\u00a0<\/p>\n<ol start=\"27\">\n<li>1. PONEDJELJAK hot \u2013 dog, ke\u010dap, \u010daj<\/li>\n<li>1. UTORAK \u0161pagete bolonjez, salata, vo\u0107e<\/li>\n<li>1. SRIJEDA ri\u010det varivo, milh \u0161nite<\/li>\n<li>1. \u010cETVRTAK \u0107ufte u umaku od raj\u010dice, pire krumpir, vo\u0107e<\/li>\n<li>1. PETAK riba osli\u0107, krumpir salata, jogurt Vindon<\/li>\n<\/ol>\n<p>\u00a0<\/p>\n<p>\u0160kola zadr\u017eava pravo izmjene jelovnika.<\/p>\n<p>\u00a0<\/p>\n<p>\u00a0<\/p>","_et_gb_content_width":"","footnotes":""},"class_list":["post-74","page","type-page","status-publish","hentry"],"_links":{"self":[{"href":"https:\/\/os-ivanovec.skole.hr\/index.php?rest_route=\/wp\/v2\/pages\/74","targetHints":{"allow":["GET"]}}],"collection":[{"href":"https:\/\/os-ivanovec.skole.hr\/index.php?rest_route=\/wp\/v2\/pages"}],"about":[{"href":"https:\/\/os-ivanovec.skole.hr\/index.php?rest_route=\/wp\/v2\/types\/page"}],"author":[{"embeddable":true,"href":"https:\/\/os-ivanovec.skole.hr\/index.php?rest_route=\/wp\/v2\/users\/9689"}],"replies":[{"embeddable":true,"href":"https:\/\/os-ivanovec.skole.hr\/index.php?rest_route=%2Fwp%2Fv2%2Fcomments&post=74"}],"version-history":[{"count":31,"href":"https:\/\/os-ivanovec.skole.hr\/index.php?rest_route=\/wp\/v2\/pages\/74\/revisions"}],"predecessor-version":[{"id":298374,"href":"https:\/\/os-ivanovec.skole.hr\/index.php?rest_route=\/wp\/v2\/pages\/74\/revisions\/298374"}],"wp:attachment":[{"href":"https:\/\/os-ivanovec.skole.hr\/index.php?rest_route=%2Fwp%2Fv2%2Fmedia&parent=74"}],"curies":[{"name":"wp","href":"https:\/\/api.w.org\/{rel}","templated":true}]}}