{"id":62,"date":"2023-07-28T22:06:38","date_gmt":"2023-07-28T20:06:38","guid":{"rendered":"https:\/\/os-ivanovec.skole.hr\/?page_id=62"},"modified":"2025-03-21T09:52:15","modified_gmt":"2025-03-21T08:52:15","slug":"knjiznica","status":"publish","type":"page","link":"https:\/\/os-ivanovec.skole.hr\/?page_id=62","title":{"rendered":"Knji\u017enica"},"content":{"rendered":"\n<p class=\"has-text-align-center\">Knji\u017enica je za korisnike otvorena od ponedjeljka do petka<\/p>\n\n\n\n<p class=\"has-text-align-center\"><strong>9,00 &#8211; 15,00 sati<\/strong><\/p>\n\n\n\n<p class=\"has-text-align-center\"><strong>KNJI\u017dNI\u010cARKA: Tanja Radikovi\u0107, dipl.bibl.<\/strong><\/p>\n\n\n\n<figure class=\"wp-block-image aligncenter size-full\"><img decoding=\"async\" width=\"375\" height=\"302\" src=\"https:\/\/os-ivanovec.skole.hr\/wp-content\/uploads\/sites\/1042\/2024\/12\/image.png\" alt=\"\" class=\"wp-image-293598\" srcset=\"https:\/\/os-ivanovec.skole.hr\/wp-content\/uploads\/sites\/1042\/2024\/12\/image.png 375w, https:\/\/os-ivanovec.skole.hr\/wp-content\/uploads\/sites\/1042\/2024\/12\/image-300x242.png 300w\" sizes=\"(max-width: 375px) 100vw, 375px\" \/><\/figure>\n\n\n\n<p>U knji\u017enici mo\u017ee\u0161 posuditi knjige, pisati referat ili zada\u0107u, istra\u017eivati, u\u010diti. Njezin je sastavni dio \u010ditaonica gdje u\u010denici i djelatnici mogu \u010ditati knjige, enciklopedije, leksikone ili \u010dasopise poput Modre laste, Smiba, Radosti, Drva znanja, Meridijana, Prirode, Matke ili na\u0161eg&nbsp;\u0161kolskog lista Ivan\u010dice.<\/p>\n\n\n\n<figure class=\"wp-block-gallery has-nested-images columns-default is-cropped wp-block-gallery-1 is-layout-flex wp-block-gallery-is-layout-flex\">\n<figure class=\"wp-block-image size-large\"><img decoding=\"async\" width=\"1024\" height=\"779\" data-id=\"293607\" src=\"https:\/\/os-ivanovec.skole.hr\/wp-content\/uploads\/sites\/1042\/2024\/12\/image-2-1024x779.jpg\" alt=\"\" class=\"wp-image-293607\" srcset=\"https:\/\/os-ivanovec.skole.hr\/wp-content\/uploads\/sites\/1042\/2024\/12\/image-2-980x746.jpg 980w, https:\/\/os-ivanovec.skole.hr\/wp-content\/uploads\/sites\/1042\/2024\/12\/image-2-480x365.jpg 480w\" sizes=\"(min-width: 0px) and (max-width: 480px) 480px, (min-width: 481px) and (max-width: 980px) 980px, (min-width: 981px) 1024px, 100vw\" \/><\/figure>\n\n\n\n<figure class=\"wp-block-image size-large\"><img decoding=\"async\" width=\"1024\" height=\"575\" data-id=\"293610\" src=\"https:\/\/os-ivanovec.skole.hr\/wp-content\/uploads\/sites\/1042\/2024\/12\/image-2-1-1024x575.jpg\" alt=\"\" class=\"wp-image-293610\" srcset=\"https:\/\/os-ivanovec.skole.hr\/wp-content\/uploads\/sites\/1042\/2024\/12\/image-2-1-980x550.jpg 980w, https:\/\/os-ivanovec.skole.hr\/wp-content\/uploads\/sites\/1042\/2024\/12\/image-2-1-480x270.jpg 480w\" sizes=\"(min-width: 0px) and (max-width: 480px) 480px, (min-width: 481px) and (max-width: 980px) 980px, (min-width: 981px) 1024px, 100vw\" \/><\/figure>\n<\/figure>\n\n\n\n<p>Knji\u017enica trenutno ima fond od oko&nbsp;6.000 svezaka knjiga za u\u010denike, te 314 svezaka stru\u010dnog fonda za u\u010ditelje.&nbsp;Neknji\u017eni fond \u010dini elektroni\u010dka i AV gra\u0111a koja je tek u procesu nastanka, no 210 komada je sasvim dobar po\u010detak.<\/p>\n\n\n\n<p>Kontakt:&nbsp;<a href=\"mailto:knjiznica@os-ivanovec.t-com.hr\">knjiznica@os-ivanovec.skole.hr<\/a><\/p>\n\n\n\n<p><em>\u201eKad prvi put pro\u010ditam odli\u010dnu knjigu, kao da sam stekao novog prijatelja. Kad iznova pro\u010ditam knjigu koju sam ve\u0107 pro\u010ditao, to je poput susreta sa starim prijateljem.\u201c&nbsp;&nbsp;<\/em><\/p>\n\n\n\n<p><em>Oliver Goldsmith<\/em><\/p>\n\n\n\n<p><em>Pravilnik o radu knji\u017enice mo\u017ee\u0161 pro\u010ditati klikom na sovu!<\/em><\/p>\n\n\n\n<figure class=\"wp-block-image aligncenter size-full\"><img decoding=\"async\" width=\"220\" height=\"215\" src=\"https:\/\/os-ivanovec.skole.hr\/wp-content\/uploads\/sites\/1042\/2024\/12\/image-1.png\" alt=\"\" class=\"wp-image-293604\" \/><\/figure>\n\n\n\n<p>Ako u knji\u017enici nema neke knjige koju treba\u0161 za lektiru, potra\u017ei je me\u0111u e-lektirama. Prijevi se&nbsp;<strong>AAI@EDU.hr<\/strong>&nbsp;korisni\u010dkim ra\u010dunom i \u010ditaj s weba, spremi na ra\u010dunalo ili ispi\u0161i \u017eeljenu lektiru.<\/p>\n\n\n\n<p>Popis lektire pretra\u017euj po razredima, imenu autora ili naslovu. Broj naslova svakim je danom sve ve\u0107i!<\/p>\n\n\n\n<p>Prijavi se u sustav e-lektira klikom na sli\u010dicu:<\/p>\n\n\n\n<figure class=\"wp-block-image aligncenter\"><a href=\"https:\/\/lektire.skole.hr\/\" target=\"_blank\" rel=\"noreferrer noopener\"><img decoding=\"async\" width=\"406\" height=\"124\" src=\"https:\/\/os-ivanovec.skole.hr\/wp-content\/uploads\/sites\/1042\/2024\/12\/image-4.png\" alt=\"\" class=\"wp-image-293631\" srcset=\"https:\/\/os-ivanovec.skole.hr\/wp-content\/uploads\/sites\/1042\/2024\/12\/image-4.png 406w, https:\/\/os-ivanovec.skole.hr\/wp-content\/uploads\/sites\/1042\/2024\/12\/image-4-300x92.png 300w\" sizes=\"(max-width: 406px) 100vw, 406px\" \/><\/a><\/figure>\n\n\n\n<p>Pretra\u017ei on &#8211; line katalog knji\u017enice klikom na sli\u010dicu!<\/p>\n\n\n\n<figure class=\"wp-block-image aligncenter size-full\"><a href=\"https:\/\/library.foi.hr\/lib\/index.php?B=1147\" target=\"_blank\" rel=\"noreferrer noopener\"><img decoding=\"async\" width=\"128\" height=\"128\" src=\"https:\/\/os-ivanovec.skole.hr\/wp-content\/uploads\/sites\/1042\/2024\/12\/image-3.png\" alt=\"\" class=\"wp-image-293616\" \/><\/a><\/figure>\n\n\n\n<p><span style=\"font-family: verdana, sans-serif;font-size: 13px;text-align: justify\">Klikom na sli\u010dicu pogledajte sadr\u017eaj youtube kanala audioknji\u017enice koji je nastao u suradnji s Ministarstvom kulture i medija RH. sadr\u017ei zvu\u010dne zapise nekih naslova iz lektire, ali i klasike hrvatske knji\u017eevnosti:<\/span><\/p>\n\n\n\n<figure class=\"wp-block-image aligncenter size-large is-resized\"><a href=\"https:\/\/www.youtube.com\/channel\/UCP_gJ4SVuw6nijVS915ms9w\" target=\"_blank\" rel=\"noreferrer noopener\"><img decoding=\"async\" width=\"724\" height=\"1024\" src=\"https:\/\/os-ivanovec.skole.hr\/wp-content\/uploads\/sites\/1042\/2024\/12\/image-4-724x1024.jpg\" alt=\"\" class=\"wp-image-293619\" style=\"width:133px;height:auto\" srcset=\"https:\/\/os-ivanovec.skole.hr\/wp-content\/uploads\/sites\/1042\/2024\/12\/image-4-724x1024.jpg 724w, https:\/\/os-ivanovec.skole.hr\/wp-content\/uploads\/sites\/1042\/2024\/12\/image-4-480x679.jpg 480w\" sizes=\"(min-width: 0px) and (max-width: 480px) 480px, (min-width: 481px) 724px, 100vw\" \/><\/a><\/figure>\n\n\n\n<p>Knji\u017eni\u010dari Republike Hrvatske povezali su se u zanimljiv projekt u kojem su ozna\u010dili sve \u0161kolske&nbsp;knji\u017enice u dr\u017eavi. Tu su i osnovni podaci o \u0161koli, kontakti i kratak opis \u0161kole i knji\u017enice, te fotografije \u0161kole i knji\u017enice. Pogledajte kako izgledaju \u0161kole i knji\u017enice u Hrvatskoj klikom na kartu:<\/p>\n\n\n\n<figure class=\"wp-block-image aligncenter size-full is-resized\"><a href=\"https:\/\/umap.openstreetmap.fr\/fr\/map\/skolske-knjiznice-republike-hrvatske_668350#8\/45.502\/16.944\" target=\"_blank\" rel=\"noreferrer noopener\"><img decoding=\"async\" width=\"720\" height=\"630\" src=\"https:\/\/os-ivanovec.skole.hr\/wp-content\/uploads\/sites\/1042\/2024\/12\/image-5.png\" alt=\"\" class=\"wp-image-293649\" style=\"width:170px;height:auto\" srcset=\"https:\/\/os-ivanovec.skole.hr\/wp-content\/uploads\/sites\/1042\/2024\/12\/image-5.png 720w, https:\/\/os-ivanovec.skole.hr\/wp-content\/uploads\/sites\/1042\/2024\/12\/image-5-480x420.png 480w\" sizes=\"(min-width: 0px) and (max-width: 480px) 480px, (min-width: 481px) 720px, 100vw\" \/><\/a><\/figure>\n\n\n\n<p>isto tako, na posebnoj karti ozna\u010dene su sve \u0161kolske knji\u017enice osnovnih i srednjih \u0161kola u Me\u0111imurskoj \u017eupaniji:<\/p>\n\n\n\n<figure class=\"wp-block-image aligncenter is-resized\"><a href=\"https:\/\/umap.openstreetmap.fr\/fr\/map\/skolske-knjiznice-meimurske-zupanije_714841#11\/46.4215\/16.6141\" target=\"_blank\" rel=\"noreferrer noopener\"><img decoding=\"async\" width=\"1024\" height=\"603\" src=\"https:\/\/os-ivanovec.skole.hr\/wp-content\/uploads\/sites\/1042\/2024\/12\/image-6-1024x603.png\" alt=\"\" class=\"wp-image-293655\" style=\"width:306px;height:auto\" srcset=\"https:\/\/os-ivanovec.skole.hr\/wp-content\/uploads\/sites\/1042\/2024\/12\/image-6-980x577.png 980w, https:\/\/os-ivanovec.skole.hr\/wp-content\/uploads\/sites\/1042\/2024\/12\/image-6-480x283.png 480w\" sizes=\"(min-width: 0px) and (max-width: 480px) 480px, (min-width: 481px) and (max-width: 980px) 980px, (min-width: 981px) 1024px, 100vw\" \/><\/a><\/figure>\n","protected":false},"excerpt":{"rendered":"<p>Knji\u017enica je za korisnike otvorena od ponedjeljka do petka 9,00 &#8211; 15,00 sati KNJI\u017dNI\u010cARKA: Tanja Radikovi\u0107, dipl.bibl. U knji\u017enici mo\u017ee\u0161 posuditi knjige, pisati referat ili zada\u0107u, istra\u017eivati, u\u010diti. Njezin je sastavni dio \u010ditaonica gdje u\u010denici i djelatnici mogu \u010ditati knjige, enciklopedije, leksikone ili \u010dasopise poput Modre laste, Smiba, Radosti, Drva znanja, Meridijana, Prirode, Matke ili [&hellip;]<\/p>\n","protected":false},"author":9689,"featured_media":0,"parent":0,"menu_order":0,"comment_status":"closed","ping_status":"closed","template":"","meta":{"_et_pb_use_builder":"off","_et_pb_old_content":"<!-- wp:paragraph {\"align\":\"center\"} -->\n<p class=\"has-text-align-center\">Knji\u017enica je za korisnike otvorena od ponedjeljka do petka<\/p>\n<!-- \/wp:paragraph -->\n\n<!-- wp:paragraph {\"align\":\"center\"} -->\n<p class=\"has-text-align-center\"><strong>9,00 - 15,00 sati<\/strong><\/p>\n<!-- \/wp:paragraph -->\n\n<!-- wp:paragraph {\"align\":\"center\"} -->\n<p class=\"has-text-align-center\"><strong>KNJI\u017dNI\u010cARKA: Tanja Radikovi\u0107, dipl.bibl.<\/strong><\/p>\n<!-- \/wp:paragraph -->\n\n<!-- wp:image {\"id\":293598,\"sizeSlug\":\"full\",\"linkDestination\":\"none\",\"align\":\"center\"} -->\n<figure class=\"wp-block-image aligncenter size-full\"><img src=\"https:\/\/os-ivanovec.skole.hr\/wp-content\/uploads\/sites\/1042\/2024\/12\/image.png\" alt=\"\" class=\"wp-image-293598\" \/><\/figure>\n<!-- \/wp:image -->\n\n<!-- wp:paragraph -->\n<p>U knji\u017enici mo\u017ee\u0161 posuditi knjige, pisati referat ili zada\u0107u, istra\u017eivati, u\u010diti. Njezin je sastavni dio \u010ditaonica gdje u\u010denici i djelatnici mogu \u010ditati knjige, enciklopedije, leksikone ili \u010dasopise poput Modre laste, Smiba, Radosti, Drva znanja, Meridijana, Prirode, Matke ili na\u0161eg\u00a0\u0161kolskog lista Ivan\u010dice.<\/p>\n<!-- \/wp:paragraph -->\n\n<!-- wp:gallery {\"linkTo\":\"none\",\"layout\":{\"type\":\"flex\",\"flexWrap\":null}} -->\n<figure class=\"wp-block-gallery has-nested-images columns-default is-cropped\"><!-- wp:image {\"id\":293607,\"sizeSlug\":\"large\",\"linkDestination\":\"none\"} -->\n<figure class=\"wp-block-image size-large\"><img src=\"https:\/\/os-ivanovec.skole.hr\/wp-content\/uploads\/sites\/1042\/2024\/12\/image-2-1024x779.jpg\" alt=\"\" class=\"wp-image-293607\" \/><\/figure>\n<!-- \/wp:image -->\n\n<!-- wp:image {\"id\":293610,\"sizeSlug\":\"large\",\"linkDestination\":\"none\"} -->\n<figure class=\"wp-block-image size-large\"><img src=\"https:\/\/os-ivanovec.skole.hr\/wp-content\/uploads\/sites\/1042\/2024\/12\/image-2-1-1024x575.jpg\" alt=\"\" class=\"wp-image-293610\" \/><\/figure>\n<!-- \/wp:image --><\/figure>\n<!-- \/wp:gallery -->\n\n<!-- wp:paragraph -->\n<p>Knji\u017enica trenutno ima fond od oko\u00a06.000 svezaka knjiga za u\u010denike, te 314 svezaka stru\u010dnog fonda za u\u010ditelje.\u00a0Neknji\u017eni fond \u010dini elektroni\u010dka i AV gra\u0111a koja je tek u procesu nastanka, no 210 komada je sasvim dobar po\u010detak.<\/p>\n<!-- \/wp:paragraph -->\n\n<!-- wp:paragraph -->\n<p>Kontakt:\u00a0<a href=\"mailto:knjiznica@os-ivanovec.t-com.hr\">knjiznica@os-ivanovec.skole.hr<\/a><\/p>\n<!-- \/wp:paragraph -->\n\n<!-- wp:paragraph -->\n<p><em>\u201eKad prvi put pro\u010ditam odli\u010dnu knjigu, kao da sam stekao novog prijatelja. Kad iznova pro\u010ditam knjigu koju sam ve\u0107 pro\u010ditao, to je poput susreta sa starim prijateljem.\u201c&nbsp;&nbsp;<\/em><\/p>\n<!-- \/wp:paragraph -->\n\n<!-- wp:paragraph -->\n<p><em>Oliver Goldsmith<\/em><\/p>\n<!-- \/wp:paragraph -->\n\n<!-- wp:paragraph -->\n<p><em>Pravilnik o radu knji\u017enice mo\u017ee\u0161 pro\u010ditati klikom na sovu!<\/em><\/p>\n<!-- \/wp:paragraph -->\n\n<!-- wp:image {\"id\":293604,\"sizeSlug\":\"full\",\"linkDestination\":\"none\",\"align\":\"center\"} -->\n<figure class=\"wp-block-image aligncenter size-full\"><img src=\"https:\/\/os-ivanovec.skole.hr\/wp-content\/uploads\/sites\/1042\/2024\/12\/image-1.png\" alt=\"\" class=\"wp-image-293604\" \/><\/figure>\n<!-- \/wp:image -->\n\n<!-- wp:paragraph -->\n<p>Ako u knji\u017enici nema neke knjige koju treba\u0161 za lektiru, potra\u017ei je me\u0111u e-lektirama. Prijevi se&nbsp;<strong>AAI@EDU.hr<\/strong>&nbsp;korisni\u010dkim ra\u010dunom i \u010ditaj s weba, spremi na ra\u010dunalo ili ispi\u0161i \u017eeljenu lektiru.<\/p>\n<!-- \/wp:paragraph -->\n\n<!-- wp:paragraph -->\n<p>Popis lektire pretra\u017euj po razredima, imenu autora ili naslovu. Broj naslova svakim je danom sve ve\u0107i!<\/p>\n<!-- \/wp:paragraph -->\n\n<!-- wp:paragraph -->\n<p>Prijavi se u sustav e-lektira klikom na sli\u010dicu:<\/p>\n<!-- \/wp:paragraph -->\n\n<!-- wp:image {\"id\":293631,\"linkDestination\":\"custom\",\"align\":\"center\"} -->\n<figure class=\"wp-block-image aligncenter\"><a href=\"https:\/\/lektire.skole.hr\/\" target=\"_blank\" rel=\"noreferrer noopener\"><img src=\"https:\/\/os-ivanovec.skole.hr\/wp-content\/uploads\/sites\/1042\/2024\/12\/image-4.png\" alt=\"\" class=\"wp-image-293631\" \/><\/a><\/figure>\n<!-- \/wp:image -->\n\n<!-- wp:paragraph -->\n<p>Pretra\u017ei on - line katalog knji\u017enice klikom na sli\u010dicu!<\/p>\n<!-- \/wp:paragraph -->\n\n<!-- wp:image {\"id\":293616,\"sizeSlug\":\"full\",\"linkDestination\":\"attachment\",\"align\":\"center\"} -->\n<figure class=\"wp-block-image aligncenter size-full\"><a href=\"https:\/\/library.foi.hr\/lib\/index.php?B=1147\" target=\"_blank\" rel=\"noreferrer noopener\"><img src=\"https:\/\/os-ivanovec.skole.hr\/wp-content\/uploads\/sites\/1042\/2024\/12\/image-3.png\" alt=\"\" class=\"wp-image-293616\" \/><\/a><\/figure>\n<!-- \/wp:image -->\n\n<!-- wp:paragraph -->\n<p><span style=\"font-family: verdana, sans-serif;font-size: 13px;text-align: justify\">Klikom na sli\u010dicu pogledajte sadr\u017eaj youtube kanala audioknji\u017enice koji je nastao u suradnji s Ministarstvom kulture i medija RH. sadr\u017ei zvu\u010dne zapise nekih naslova iz lektire, ali i klasike hrvatske knji\u017eevnosti:<\/span><\/p>\n<!-- \/wp:paragraph -->\n\n<!-- wp:image {\"id\":293619,\"width\":\"133px\",\"height\":\"auto\",\"sizeSlug\":\"large\",\"linkDestination\":\"none\",\"align\":\"center\"} -->\n<figure class=\"wp-block-image aligncenter size-large is-resized\"><a href=\"https:\/\/www.youtube.com\/channel\/UCP_gJ4SVuw6nijVS915ms9w\" target=\"_blank\" rel=\"noreferrer noopener\"><img src=\"https:\/\/os-ivanovec.skole.hr\/wp-content\/uploads\/sites\/1042\/2024\/12\/image-4-724x1024.jpg\" alt=\"\" class=\"wp-image-293619\" style=\"width:133px;height:auto\" \/><\/a><\/figure>\n<!-- \/wp:image -->\n\n<!-- wp:paragraph -->\n<p>Knji\u017eni\u010dari Republike Hrvatske povezali su se u zanimljiv projekt u kojem su ozna\u010dili sve \u0161kolske\u00a0knji\u017enice u dr\u017eavi. Tu su i osnovni podaci o \u0161koli, kontakti i kratak opis \u0161kole i knji\u017enice, te fotografije \u0161kole i knji\u017enice. Pogledajte kako izgledaju \u0161kole i knji\u017enice u Hrvatskoj klikom na kartu:<\/p>\n<!-- \/wp:paragraph -->\n\n<!-- wp:image {\"id\":293649,\"width\":\"170px\",\"height\":\"auto\",\"sizeSlug\":\"full\",\"linkDestination\":\"none\",\"align\":\"center\"} -->\n<figure class=\"wp-block-image aligncenter size-full is-resized\"><a href=\"https:\/\/umap.openstreetmap.fr\/fr\/map\/skolske-knjiznice-republike-hrvatske_668350#8\/45.502\/16.944\" target=\"_blank\" rel=\"noreferrer noopener\"><img src=\"https:\/\/os-ivanovec.skole.hr\/wp-content\/uploads\/sites\/1042\/2024\/12\/image-5.png\" alt=\"\" class=\"wp-image-293649\" style=\"width:170px;height:auto\" \/><\/a><\/figure>\n<!-- \/wp:image -->\n\n<!-- wp:paragraph -->\n<p>isto tako, na posebnoj karti ozna\u010dene su sve \u0161kolske knji\u017enice osnovnih i srednjih \u0161kola u Me\u0111imurskoj \u017eupaniji:<\/p>\n<!-- \/wp:paragraph -->\n\n<!-- wp:image {\"id\":293655,\"width\":\"306px\",\"height\":\"auto\",\"linkDestination\":\"custom\",\"align\":\"center\"} -->\n<figure class=\"wp-block-image aligncenter is-resized\"><a href=\"https:\/\/umap.openstreetmap.fr\/fr\/map\/skolske-knjiznice-meimurske-zupanije_714841#11\/46.4215\/16.6141\" target=\"_blank\" rel=\"noreferrer noopener\"><img src=\"https:\/\/os-ivanovec.skole.hr\/wp-content\/uploads\/sites\/1042\/2024\/12\/image-6-1024x603.png\" alt=\"\" class=\"wp-image-293655\" style=\"width:306px;height:auto\" \/><\/a><\/figure>\n<!-- \/wp:image -->","_et_gb_content_width":"","footnotes":""},"class_list":["post-62","page","type-page","status-publish","hentry"],"_links":{"self":[{"href":"https:\/\/os-ivanovec.skole.hr\/index.php?rest_route=\/wp\/v2\/pages\/62","targetHints":{"allow":["GET"]}}],"collection":[{"href":"https:\/\/os-ivanovec.skole.hr\/index.php?rest_route=\/wp\/v2\/pages"}],"about":[{"href":"https:\/\/os-ivanovec.skole.hr\/index.php?rest_route=\/wp\/v2\/types\/page"}],"author":[{"embeddable":true,"href":"https:\/\/os-ivanovec.skole.hr\/index.php?rest_route=\/wp\/v2\/users\/9689"}],"replies":[{"embeddable":true,"href":"https:\/\/os-ivanovec.skole.hr\/index.php?rest_route=%2Fwp%2Fv2%2Fcomments&post=62"}],"version-history":[{"count":8,"href":"https:\/\/os-ivanovec.skole.hr\/index.php?rest_route=\/wp\/v2\/pages\/62\/revisions"}],"predecessor-version":[{"id":296247,"href":"https:\/\/os-ivanovec.skole.hr\/index.php?rest_route=\/wp\/v2\/pages\/62\/revisions\/296247"}],"wp:attachment":[{"href":"https:\/\/os-ivanovec.skole.hr\/index.php?rest_route=%2Fwp%2Fv2%2Fmedia&parent=62"}],"curies":[{"name":"wp","href":"https:\/\/api.w.org\/{rel}","templated":true}]}}