{"id":44,"date":"2023-07-28T22:04:39","date_gmt":"2023-07-28T20:04:39","guid":{"rendered":"https:\/\/os-ivanovec.skole.hr\/?page_id=44"},"modified":"2024-12-22T22:57:34","modified_gmt":"2024-12-22T21:57:34","slug":"vijeca-i-odbori","status":"publish","type":"page","link":"https:\/\/os-ivanovec.skole.hr\/?page_id=44","title":{"rendered":"Vije\u0107a i odbori"},"content":{"rendered":"\n<p>Obavje\u0161tavamo vas da je kreirana nova e &#8211; mail adresa Vije\u0107a&nbsp;roditelja O\u0160 Ivanovec:<\/p>\n\n\n\n<p>vijeceroditelja.osivanovec@gmail.com<\/p>\n\n\n\n<p>Predsjednica Vije\u0107a roditelja:<\/p>\n\n\n\n<p>Ana Bujani\u0107<\/p>\n","protected":false},"excerpt":{"rendered":"<p>Obavje\u0161tavamo vas da je kreirana nova e &#8211; mail adresa Vije\u0107a&nbsp;roditelja O\u0160 Ivanovec: vijeceroditelja.osivanovec@gmail.com Predsjednica Vije\u0107a roditelja: Ana Bujani\u0107<\/p>\n","protected":false},"author":9689,"featured_media":0,"parent":0,"menu_order":0,"comment_status":"closed","ping_status":"closed","template":"","meta":{"_et_pb_use_builder":"off","_et_pb_old_content":"","_et_gb_content_width":"","footnotes":""},"class_list":["post-44","page","type-page","status-publish","hentry"],"_links":{"self":[{"href":"https:\/\/os-ivanovec.skole.hr\/index.php?rest_route=\/wp\/v2\/pages\/44","targetHints":{"allow":["GET"]}}],"collection":[{"href":"https:\/\/os-ivanovec.skole.hr\/index.php?rest_route=\/wp\/v2\/pages"}],"about":[{"href":"https:\/\/os-ivanovec.skole.hr\/index.php?rest_route=\/wp\/v2\/types\/page"}],"author":[{"embeddable":true,"href":"https:\/\/os-ivanovec.skole.hr\/index.php?rest_route=\/wp\/v2\/users\/9689"}],"replies":[{"embeddable":true,"href":"https:\/\/os-ivanovec.skole.hr\/index.php?rest_route=%2Fwp%2Fv2%2Fcomments&post=44"}],"version-history":[{"count":1,"href":"https:\/\/os-ivanovec.skole.hr\/index.php?rest_route=\/wp\/v2\/pages\/44\/revisions"}],"predecessor-version":[{"id":293673,"href":"https:\/\/os-ivanovec.skole.hr\/index.php?rest_route=\/wp\/v2\/pages\/44\/revisions\/293673"}],"wp:attachment":[{"href":"https:\/\/os-ivanovec.skole.hr\/index.php?rest_route=%2Fwp%2Fv2%2Fmedia&parent=44"}],"curies":[{"name":"wp","href":"https:\/\/api.w.org\/{rel}","templated":true}]}}