{"id":296625,"date":"2025-05-14T10:33:01","date_gmt":"2025-05-14T08:33:01","guid":{"rendered":"https:\/\/os-ivanovec.skole.hr\/?page_id=296625"},"modified":"2025-09-11T17:16:08","modified_gmt":"2025-09-11T15:16:08","slug":"razredna-nastava-2025","status":"publish","type":"page","link":"https:\/\/os-ivanovec.skole.hr\/?page_id=296625","title":{"rendered":"Razredna nastava"},"content":{"rendered":"\n<p>1.r u\u010diteljica Vera Fu\u0107ko<br><br>2.a u\u010diteljica Gordana Juras<br>2.b u\u010diteljica Ru\u017eica Kacun<\/p>\n\n\n\n<p>3.a u\u010diteljica Irena Leva\u010di\u0107<br>3.b u\u010diteljica Tonka Breglec Bla\u017eeka<\/p>\n\n\n\n<p>4.a u\u010diteljica Vlatka Kolari\u0107-Deban<br>4.b u\u010diteljica Mirela Radovan<\/p>\n\n\n\n<p><\/p>\n\n\n\n<figure class=\"wp-block-image size-large\"><img decoding=\"async\" width=\"1024\" height=\"323\" src=\"https:\/\/os-ivanovec.skole.hr\/wp-content\/uploads\/sites\/1042\/2025\/05\/children-7206995_1280-1024x323.jpg\" alt=\"\" class=\"wp-image-296748\" srcset=\"https:\/\/os-ivanovec.skole.hr\/wp-content\/uploads\/sites\/1042\/2025\/05\/children-7206995_1280-1024x323.jpg 1024w, https:\/\/os-ivanovec.skole.hr\/wp-content\/uploads\/sites\/1042\/2025\/05\/children-7206995_1280-980x309.jpg 980w, https:\/\/os-ivanovec.skole.hr\/wp-content\/uploads\/sites\/1042\/2025\/05\/children-7206995_1280-480x152.jpg 480w\" sizes=\"(min-width: 0px) and (max-width: 480px) 480px, (min-width: 481px) and (max-width: 980px) 980px, (min-width: 981px) 1024px, 100vw\" \/><\/figure>\n\n\n\n<ol class=\"wp-block-list\"><\/ol>\n","protected":false},"excerpt":{"rendered":"<p>1.r u\u010diteljica Vera Fu\u0107ko 2.a u\u010diteljica Gordana Juras2.b u\u010diteljica Ru\u017eica Kacun 3.a u\u010diteljica Irena Leva\u010di\u01073.b u\u010diteljica Tonka Breglec Bla\u017eeka 4.a u\u010diteljica Vlatka Kolari\u0107-Deban4.b u\u010diteljica Mirela Radovan<\/p>\n","protected":false},"author":9689,"featured_media":0,"parent":0,"menu_order":0,"comment_status":"closed","ping_status":"closed","template":"","meta":{"_et_pb_use_builder":"off","_et_pb_old_content":"","_et_gb_content_width":"","footnotes":""},"class_list":["post-296625","page","type-page","status-publish","hentry"],"_links":{"self":[{"href":"https:\/\/os-ivanovec.skole.hr\/index.php?rest_route=\/wp\/v2\/pages\/296625","targetHints":{"allow":["GET"]}}],"collection":[{"href":"https:\/\/os-ivanovec.skole.hr\/index.php?rest_route=\/wp\/v2\/pages"}],"about":[{"href":"https:\/\/os-ivanovec.skole.hr\/index.php?rest_route=\/wp\/v2\/types\/page"}],"author":[{"embeddable":true,"href":"https:\/\/os-ivanovec.skole.hr\/index.php?rest_route=\/wp\/v2\/users\/9689"}],"replies":[{"embeddable":true,"href":"https:\/\/os-ivanovec.skole.hr\/index.php?rest_route=%2Fwp%2Fv2%2Fcomments&post=296625"}],"version-history":[{"count":6,"href":"https:\/\/os-ivanovec.skole.hr\/index.php?rest_route=\/wp\/v2\/pages\/296625\/revisions"}],"predecessor-version":[{"id":297687,"href":"https:\/\/os-ivanovec.skole.hr\/index.php?rest_route=\/wp\/v2\/pages\/296625\/revisions\/297687"}],"wp:attachment":[{"href":"https:\/\/os-ivanovec.skole.hr\/index.php?rest_route=%2Fwp%2Fv2%2Fmedia&parent=296625"}],"curies":[{"name":"wp","href":"https:\/\/api.w.org\/{rel}","templated":true}]}}