{"id":294207,"date":"2025-01-02T09:49:05","date_gmt":"2025-01-02T08:49:05","guid":{"rendered":"https:\/\/os-ivanovec.skole.hr\/?page_id=294207"},"modified":"2025-05-14T12:45:01","modified_gmt":"2025-05-14T10:45:01","slug":"natjecanja","status":"publish","type":"page","link":"https:\/\/os-ivanovec.skole.hr\/?page_id=294207","title":{"rendered":"Natjecanja"},"content":{"rendered":"\n<figure class=\"wp-block-table is-style-stripes\"><table><tbody><tr><td>U\u010denici koji su se plasirali na \u017eupanijsku razinu iz pojedinih predmeta navedeni su u nastavku:<\/td><\/tr><\/tbody><\/table><\/figure>\n\n\n\n<p><\/p>\n\n\n\n<h3 class=\"wp-block-heading\">1. <strong>Biologija <\/strong>\u2013 Jasen Borkovi\u0107 (7.a), Anja Zagorec (8.a) i Leda Bujani\u0107 (8.b)<\/h3>\n\n\n\n<h3 class=\"wp-block-heading\">2<strong>. Engleski jezik<\/strong> \u2013 Leda Bujani\u0107 (8.b) i Ela Miljan (8.b)<\/h3>\n\n\n\n<h3 class=\"wp-block-heading\">3.<strong> Geografija <\/strong>\u2013 Borna Zadravec (5.a) i Matej Se\u010dan (5.b)<\/h3>\n\n\n\n<h3 class=\"wp-block-heading\">4. <strong>Informatika <\/strong>\u2013 Marin Brzuhalski (6.b) i Jasen Borkovi\u0107 (7.a)<\/h3>\n\n\n\n<h3 class=\"wp-block-heading\">5.<strong> Kemija <\/strong>\u2013 Jasen Borkovi\u0107 (7.a) i Anja Zagorec (8.a)<\/h3>\n\n\n\n<h3 class=\"wp-block-heading\">6. <strong>Matematika <\/strong>&#8211; Borna Zadravec (5.a) i Jasen Borkovi\u0107 (7.a)<\/h3>\n\n\n\n<h3 class=\"wp-block-heading\">7. <strong>Njema\u010dki jezik <\/strong>\u2013 Eva \u0160afari\u0107 (8.a)<\/h3>\n\n\n\n<p><\/p>\n\n\n\n<figure class=\"wp-block-table is-style-stripes\"><table><tbody><tr><td><strong>Ostala natjecanja i smotre<\/strong><\/td><\/tr><\/tbody><\/table><\/figure>\n\n\n\n<p><strong>Crveni kri\u017e<\/strong> &#8211; 4. mjesto<\/p>\n\n\n\n<p><strong>Smotra projekata<\/strong> iz podru\u010dja Gra\u0111anskoga odgoja i obrazovanja &#8211; dr\u017eavna razina<\/p>\n\n\n\n<p><strong>\u010citanjem do zvijezda<\/strong> &#8211;<strong> Ela Miljan (8.b) plakat 1.mjesto<\/strong><br>Na \u017eupanijskoj razini pobijedila je u kategoriji kreativnog uratka i plasirala se na Nacionalnu razinu, koja nema natjecateljski karakter nego je smotra najboljih uradaka<\/p>\n\n\n\n<p><\/p>\n\n\n\n<p><strong>\u010cestitke svima!<\/strong><\/p>\n\n\n\n<p><\/p>\n\n\n\n<figure class=\"wp-block-table is-style-stripes\"><table><tbody><tr><td class=\"has-text-align-center\" data-align=\"center\"><strong>Kalendar \u0161kolskih, \u017eupanijskih i dr\u017eavnih natjecanja u 2024. i 2025. godini.<\/strong><br><strong> dostupan je u prilo\u017eenom dokumentu.<\/strong><\/td><\/tr><\/tbody><\/table><\/figure>\n\n\n\n<p><\/p>\n\n\n\n<div data-wp-interactive=\"core\/file\" class=\"wp-block-file\"><object data-wp-bind--hidden=\"!state.hasPdfPreview\" hidden class=\"wp-block-file__embed\" data=\"https:\/\/os-ivanovec.skole.hr\/wp-content\/uploads\/sites\/1042\/2025\/01\/Vremenik-2024_2025.pdf\" type=\"application\/pdf\" style=\"width:100%;height:430px\" aria-label=\"Ugra\u0111eno Vremenik-2024_2025.\"><\/object><a id=\"wp-block-file--media-eef9bc75-7bf8-4109-8792-dca88de255a5\" href=\"https:\/\/os-ivanovec.skole.hr\/wp-content\/uploads\/sites\/1042\/2025\/01\/Vremenik-2024_2025.pdf\">Vremenik-2024_2025<\/a><a href=\"https:\/\/os-ivanovec.skole.hr\/wp-content\/uploads\/sites\/1042\/2025\/01\/Vremenik-2024_2025.pdf\" class=\"wp-block-file__button wp-element-button\" download aria-describedby=\"wp-block-file--media-eef9bc75-7bf8-4109-8792-dca88de255a5\">Preuzmi<\/a><\/div>\n","protected":false},"excerpt":{"rendered":"<p>U\u010denici koji su se plasirali na \u017eupanijsku razinu iz pojedinih predmeta navedeni su u nastavku: 1. Biologija \u2013 Jasen Borkovi\u0107 (7.a), Anja Zagorec (8.a) i Leda Bujani\u0107 (8.b) 2. Engleski jezik \u2013 Leda Bujani\u0107 (8.b) i Ela Miljan (8.b) 3. Geografija \u2013 Borna Zadravec (5.a) i Matej Se\u010dan (5.b) 4. Informatika \u2013 Marin Brzuhalski (6.b) [&hellip;]<\/p>\n","protected":false},"author":9689,"featured_media":294825,"parent":0,"menu_order":0,"comment_status":"closed","ping_status":"closed","template":"","meta":{"_et_pb_use_builder":"off","_et_pb_old_content":"","_et_gb_content_width":"","footnotes":""},"class_list":["post-294207","page","type-page","status-publish","has-post-thumbnail","hentry"],"_links":{"self":[{"href":"https:\/\/os-ivanovec.skole.hr\/index.php?rest_route=\/wp\/v2\/pages\/294207","targetHints":{"allow":["GET"]}}],"collection":[{"href":"https:\/\/os-ivanovec.skole.hr\/index.php?rest_route=\/wp\/v2\/pages"}],"about":[{"href":"https:\/\/os-ivanovec.skole.hr\/index.php?rest_route=\/wp\/v2\/types\/page"}],"author":[{"embeddable":true,"href":"https:\/\/os-ivanovec.skole.hr\/index.php?rest_route=\/wp\/v2\/users\/9689"}],"replies":[{"embeddable":true,"href":"https:\/\/os-ivanovec.skole.hr\/index.php?rest_route=%2Fwp%2Fv2%2Fcomments&post=294207"}],"version-history":[{"count":10,"href":"https:\/\/os-ivanovec.skole.hr\/index.php?rest_route=\/wp\/v2\/pages\/294207\/revisions"}],"predecessor-version":[{"id":296937,"href":"https:\/\/os-ivanovec.skole.hr\/index.php?rest_route=\/wp\/v2\/pages\/294207\/revisions\/296937"}],"wp:featuredmedia":[{"embeddable":true,"href":"https:\/\/os-ivanovec.skole.hr\/index.php?rest_route=\/wp\/v2\/media\/294825"}],"wp:attachment":[{"href":"https:\/\/os-ivanovec.skole.hr\/index.php?rest_route=%2Fwp%2Fv2%2Fmedia&parent=294207"}],"curies":[{"name":"wp","href":"https:\/\/api.w.org\/{rel}","templated":true}]}}