{"id":294114,"date":"2025-01-02T09:28:12","date_gmt":"2025-01-02T08:28:12","guid":{"rendered":"https:\/\/os-ivanovec.skole.hr\/?page_id=294114"},"modified":"2025-11-07T12:43:19","modified_gmt":"2025-11-07T11:43:19","slug":"izvanucionicka-nastava","status":"publish","type":"page","link":"https:\/\/os-ivanovec.skole.hr\/?page_id=294114","title":{"rendered":"Izvanu\u010dioni\u010dka nastava"},"content":{"rendered":"\n<div data-wp-interactive=\"core\/file\" class=\"wp-block-file\"><object data-wp-bind--hidden=\"!state.hasPdfPreview\" hidden class=\"wp-block-file__embed\" data=\"https:\/\/os-ivanovec.skole.hr\/wp-content\/uploads\/sites\/1042\/2025\/11\/ODABIR-PONUDA-ZA-VISEDNEVNU-TERENSKU-NASTAVU-7.-RAZREDA.pdf\" type=\"application\/pdf\" style=\"width:100%;height:600px\" aria-label=\"Ugra\u0111eno ODABIR-PONUDA-ZA-VISEDNEVNU-TERENSKU-NASTAVU-7.-RAZREDA.\"><\/object><a id=\"wp-block-file--media-167b57d6-1250-4e53-bf70-fd14e73b7066\" href=\"https:\/\/os-ivanovec.skole.hr\/wp-content\/uploads\/sites\/1042\/2025\/11\/ODABIR-PONUDA-ZA-VISEDNEVNU-TERENSKU-NASTAVU-7.-RAZREDA.pdf\">ODABIR-PONUDA-ZA-VISEDNEVNU-TERENSKU-NASTAVU-7.-RAZREDA<\/a><a href=\"https:\/\/os-ivanovec.skole.hr\/wp-content\/uploads\/sites\/1042\/2025\/11\/ODABIR-PONUDA-ZA-VISEDNEVNU-TERENSKU-NASTAVU-7.-RAZREDA.pdf\" class=\"wp-block-file__button wp-element-button\" download aria-describedby=\"wp-block-file--media-167b57d6-1250-4e53-bf70-fd14e73b7066\">Preuzmi<\/a><\/div>\n\n\n\n<p>Popis odabranih ponuda za organizaciju \u0160kole u prirodi pogledajte u prilo\u017eenom dokumentu.<\/p>\n\n\n\n<div data-wp-interactive=\"core\/file\" class=\"wp-block-file\"><object data-wp-bind--hidden=\"!state.hasPdfPreview\" hidden class=\"wp-block-file__embed\" data=\"https:\/\/os-ivanovec.skole.hr\/wp-content\/uploads\/sites\/1042\/2025\/10\/Popis-odabranih-ponuda-Skola-u-prirodi.pdf\" type=\"application\/pdf\" style=\"width:100%;height:600px\" aria-label=\"Ugra\u0111eno Popis-odabranih-ponuda-Skola-u-prirodi.\"><\/object><a id=\"wp-block-file--media-814cf013-0b3b-4f5c-ad72-5d71a1e3e98e\" href=\"https:\/\/os-ivanovec.skole.hr\/wp-content\/uploads\/sites\/1042\/2025\/10\/Popis-odabranih-ponuda-Skola-u-prirodi.pdf\">Popis-odabranih-ponuda-Skola-u-prirodi<\/a><a href=\"https:\/\/os-ivanovec.skole.hr\/wp-content\/uploads\/sites\/1042\/2025\/10\/Popis-odabranih-ponuda-Skola-u-prirodi.pdf\" class=\"wp-block-file__button wp-element-button\" download aria-describedby=\"wp-block-file--media-814cf013-0b3b-4f5c-ad72-5d71a1e3e98e\">Preuzmi<\/a><\/div>\n\n\n\n<p><\/p>\n\n\n\n<p>Tekst Javnog poziva za izvanu\u010dioni\u010dku nastavu za 3. i 4. razrede za lipanj 2026. godine pogledajte u prilo\u017eenom dokumentu.<\/p>\n\n\n\n<div class=\"wp-block-file\"><a id=\"wp-block-file--media-72eada9a-6ada-4eb4-a869-259f6058e635\" href=\"https:\/\/os-ivanovec.skole.hr\/wp-content\/uploads\/sites\/1042\/2025\/10\/Javni-poziv-skola-u-prirodi-2025-2026-1.doc\">Javni-poziv-skola-u-prirodi-2025-2026-1<\/a><a href=\"https:\/\/os-ivanovec.skole.hr\/wp-content\/uploads\/sites\/1042\/2025\/10\/Javni-poziv-skola-u-prirodi-2025-2026-1.doc\" class=\"wp-block-file__button wp-element-button\" download aria-describedby=\"wp-block-file--media-72eada9a-6ada-4eb4-a869-259f6058e635\">Preuzmi<\/a><\/div>\n\n\n\n<p>Popis odabranih ponuda za organizaciju vi\u0161ednevne izvanu\u010dioni\u010dke nastave 2024.\/2025. dostupan je u prilo\u017eenom dokumentu.&nbsp;<\/p>\n\n\n\n<div class=\"wp-block-file\"><a id=\"wp-block-file--media-1a7ced48-dec9-4300-966a-ccbac6cec23b\" href=\"https:\/\/os-ivanovec.skole.hr\/wp-content\/uploads\/sites\/1042\/2025\/01\/ODABIR-PONUDA-ZA-VISEDNEVNU-TERENSKU-NASTAVU-dopis-agencijama-1-2.docx\">ODABIR-PONUDA-ZA-VISEDNEVNU-TERENSKU-NASTAVU-dopis-agencijama-1-2<\/a><a href=\"https:\/\/os-ivanovec.skole.hr\/wp-content\/uploads\/sites\/1042\/2025\/01\/ODABIR-PONUDA-ZA-VISEDNEVNU-TERENSKU-NASTAVU-dopis-agencijama-1-2.docx\" class=\"wp-block-file__button wp-element-button\" download aria-describedby=\"wp-block-file--media-1a7ced48-dec9-4300-966a-ccbac6cec23b\">Preuzmi<\/a><\/div>\n","protected":false},"excerpt":{"rendered":"<p>Popis odabranih ponuda za organizaciju \u0160kole u prirodi pogledajte u prilo\u017eenom dokumentu. Tekst Javnog poziva za izvanu\u010dioni\u010dku nastavu za 3. i 4. razrede za lipanj 2026. godine pogledajte u prilo\u017eenom dokumentu. Popis odabranih ponuda za organizaciju vi\u0161ednevne izvanu\u010dioni\u010dke nastave 2024.\/2025. dostupan je u prilo\u017eenom dokumentu.&nbsp;<\/p>\n","protected":false},"author":9689,"featured_media":0,"parent":128,"menu_order":0,"comment_status":"closed","ping_status":"closed","template":"","meta":{"_et_pb_use_builder":"off","_et_pb_old_content":"","_et_gb_content_width":"","footnotes":""},"class_list":["post-294114","page","type-page","status-publish","hentry"],"_links":{"self":[{"href":"https:\/\/os-ivanovec.skole.hr\/index.php?rest_route=\/wp\/v2\/pages\/294114","targetHints":{"allow":["GET"]}}],"collection":[{"href":"https:\/\/os-ivanovec.skole.hr\/index.php?rest_route=\/wp\/v2\/pages"}],"about":[{"href":"https:\/\/os-ivanovec.skole.hr\/index.php?rest_route=\/wp\/v2\/types\/page"}],"author":[{"embeddable":true,"href":"https:\/\/os-ivanovec.skole.hr\/index.php?rest_route=\/wp\/v2\/users\/9689"}],"replies":[{"embeddable":true,"href":"https:\/\/os-ivanovec.skole.hr\/index.php?rest_route=%2Fwp%2Fv2%2Fcomments&post=294114"}],"version-history":[{"count":14,"href":"https:\/\/os-ivanovec.skole.hr\/index.php?rest_route=\/wp\/v2\/pages\/294114\/revisions"}],"predecessor-version":[{"id":297942,"href":"https:\/\/os-ivanovec.skole.hr\/index.php?rest_route=\/wp\/v2\/pages\/294114\/revisions\/297942"}],"up":[{"embeddable":true,"href":"https:\/\/os-ivanovec.skole.hr\/index.php?rest_route=\/wp\/v2\/pages\/128"}],"wp:attachment":[{"href":"https:\/\/os-ivanovec.skole.hr\/index.php?rest_route=%2Fwp%2Fv2%2Fmedia&parent=294114"}],"curies":[{"name":"wp","href":"https:\/\/api.w.org\/{rel}","templated":true}]}}