{"id":293940,"date":"2024-12-30T10:46:57","date_gmt":"2024-12-30T09:46:57","guid":{"rendered":"https:\/\/os-ivanovec.skole.hr\/?page_id=293940"},"modified":"2025-09-10T15:11:41","modified_gmt":"2025-09-10T13:11:41","slug":"djelatnici","status":"publish","type":"page","link":"https:\/\/os-ivanovec.skole.hr\/?page_id=293940","title":{"rendered":"Djelatnici"},"content":{"rendered":"\n<div class=\"wp-block-group is-layout-constrained wp-block-group-is-layout-constrained\">\n<figure class=\"wp-block-table\"><table><tbody><tr><td colspan=\"2\"><strong>Podatci o u\u010diteljima razredne nastave<\/strong><\/td><\/tr><tr><td>Ime i prezime<\/td><td>Razred<\/td><\/tr><tr><td>Vera Fu\u010dko<\/td><td>1.r<\/td><\/tr><tr><td>Tonka Breglec Bla\u017eeka<\/td><td>3.b<\/td><\/tr><tr><td>Gordana Juras<\/td><td>2.a<\/td><\/tr><tr><td>Ru\u017eica Kacun<\/td><td>2.b<\/td><\/tr><tr><td>Vlatka Kolari\u0107 \u2013 Deban<\/td><td>4.a<\/td><\/tr><tr><td>Klara Kun\u010di\u0107, zamjena Andreji Vinkovi\u0107<\/td><td>Produ\u017eeni boravak<\/td><\/tr><tr><td>Irena Leva\u010di\u0107<\/td><td>3.a<\/td><\/tr><tr><td>Mirela Radovan<\/td><td>4.b<\/td><\/tr><\/tbody><\/table><\/figure>\n\n\n\n<figure class=\"wp-block-table\"><table><tbody><tr><td colspan=\"2\"><strong>Podatci o u\u010diteljima predmetne nastave<\/strong><\/td><\/tr><tr><td>Ime i prezime<\/td><td>Naziv predmeta koji predaje<\/td><\/tr><tr><td>Barbara Bradi\u0107 Peti<\/td><td>Informatika<\/td><\/tr><tr><td>Marina \u0110ura<\/td><td>Engleski jezik<\/td><\/tr><tr><td>Kristina Fege\u0161<\/td><td>Informatika<\/td><\/tr><tr><td>Ivana Grade\u010dak<\/td><td>Engleski jezik<\/td><\/tr><tr><td>Natalija Guterman \u2013 Vuk<\/td><td>Glazbena kultura<\/td><\/tr><tr><td>Karlo Jambor<\/td><td>Tjelesna i zdravstvena kultura<\/td><\/tr><tr><td>Ivan Kolari\u0107<\/td><td>Vjeronauk<\/td><\/tr><tr><td>Ivana Komar \u2013 Srnec<\/td><td>Njema\u010dki jezik<\/td><\/tr><tr><td>Denis Kos<\/td><td>Povijest i Njema\u010dki jezik<\/td><\/tr><tr><td>Dajana Kova\u010di\u0107<\/td><td>Matematika<\/td><\/tr><tr><td>Dijana Kozjak<\/td><td>Hrvatski jezik<\/td><\/tr><tr><td>Nata\u0161a Kralj<\/td><td>Hrvatski jezik<\/td><\/tr><tr><td>Marko Krha\u010d<\/td><td>Fizika i Tehni\u010dka kultura<\/td><\/tr><tr><td>Nina Magdaleni\u0107 Veselko<\/td><td>Kemija<\/td><\/tr><tr><td>Vesna Martinjak<\/td><td>Matematika<\/td><\/tr><tr><td>Palmina Novak<\/td><td>Geografija i Povijest<\/td><\/tr><tr><td>Ivana \u0160egovi\u0107<\/td><td>Informatika<\/td><\/tr><tr><td>Marija Puri\u0107 \u2013 Hranjec<\/td><td>Priroda i Biologija<\/td><\/tr><tr><td>Monika Vrtari\u0107 \u2013 Vuk<\/td><td>Likovna kultura<\/td><\/tr><tr><td>Petra Zadravec<\/td><td>Vjeronauk<\/td><\/tr><\/tbody><\/table><\/figure>\n<\/div>\n\n\n\n<figure class=\"wp-block-table\"><table><tbody><tr><td colspan=\"2\"><strong>Administrativno osoblje &nbsp;<\/strong><\/td><\/tr><tr><td>Slavica Petkovi\u0107<\/td><td>tajnik\/ra\u010dunovo\u0111a<\/td><\/tr><\/tbody><\/table><\/figure>\n\n\n\n<figure class=\"wp-block-table\"><table><tbody><tr><td colspan=\"2\"><strong>Ravnateljica i stru\u010dni suradnici<\/strong><\/td><\/tr><tr><td>Ksenija Korent<\/td><td>ravnateljica<\/td><\/tr><tr><td>Ivanka Vrbanec \u2013 Kipa<\/td><td>pedagoginja<\/td><\/tr><tr><td>Tanja Radikovi\u0107<\/td><td>knji\u017eni\u010darka<\/td><\/tr><\/tbody><\/table><\/figure>\n\n\n\n<h2 class=\"wp-block-heading\"><\/h2>\n\n\n\n<figure class=\"wp-block-table\"><table><tbody><tr><td colspan=\"2\"><strong>Tehni\u010dko osoblje &nbsp;<\/strong><\/td><\/tr><tr><td>Marinka \u010cavni\u010dar<\/td><td>kuharica<\/td><\/tr><tr><td>Milica Fu\u010dko<\/td><td>sprema\u010dica<\/td><\/tr><tr><td>Barbara Novak<\/td><td>sprema\u010dica<\/td><\/tr><tr><td>Silva Novak<\/td><td>kuharica<\/td><\/tr><tr><td>Radovan Petkovi\u0107<\/td><td>lo\u017ea\u010d \u2013 domar<\/td><\/tr><tr><td>Marina Petrovi\u0107<\/td><td>sprema\u010dica<\/td><\/tr><tr><td>Mirjana Podvezanec &nbsp;<\/td><td>sprema\u010dica<\/td><\/tr><\/tbody><\/table><\/figure>\n\n\n\n<figure class=\"wp-block-table\"><table><tbody><tr><td colspan=\"2\"><strong>Pomo\u0107nice u nastavi<\/strong><\/td><\/tr><tr><td>Branka Saboli\u0107<\/td><td>pomo\u0107nica u nastavi<\/td><\/tr><tr><td>Klara Novak<\/td><td>pomo\u0107nica u nastavi<\/td><\/tr><tr><td>Ivana Mu\u010di\u0107<\/td><td>pomo\u0107nica u nastavi<\/td><\/tr><tr><td>Darinka \u017derjav<\/td><td>pomo\u0107nica u nastavi<\/td><\/tr><tr><td>Spomenka \u017dganec<\/td><td>pomo\u0107nica u nastavi<\/td><\/tr><\/tbody><\/table><\/figure>\n","protected":false},"excerpt":{"rendered":"<p>Podatci o u\u010diteljima razredne nastave Ime i prezime Razred Vera Fu\u010dko 1.r Tonka Breglec Bla\u017eeka 3.b Gordana Juras 2.a Ru\u017eica Kacun 2.b Vlatka Kolari\u0107 \u2013 Deban 4.a Klara Kun\u010di\u0107, zamjena Andreji Vinkovi\u0107 Produ\u017eeni boravak Irena Leva\u010di\u0107 3.a Mirela Radovan 4.b Podatci o u\u010diteljima predmetne nastave Ime i prezime Naziv predmeta koji predaje Barbara Bradi\u0107 Peti [&hellip;]<\/p>\n","protected":false},"author":9689,"featured_media":0,"parent":0,"menu_order":0,"comment_status":"closed","ping_status":"closed","template":"","meta":{"_et_pb_use_builder":"off","_et_pb_old_content":"<!-- wp:group {\"layout\":{\"type\":\"constrained\"}} -->\n<div class=\"wp-block-group\"><!-- wp:table -->\n<figure class=\"wp-block-table\"><table><tbody><tr><td colspan=\"2\"><strong>Podatci o u\u010diteljima razredne nastave<\/strong><\/td><\/tr><tr><td>Ime i prezime<\/td><td>Razred<\/td><\/tr><tr><td>Tea Bogdan<\/td><td>4.a<\/td><\/tr><tr><td>Tonka Breglec Bla\u017eeka<\/td><td>2.b<\/td><\/tr><tr><td>Vera Fu\u010dko<\/td><td>4.b<\/td><\/tr><tr><td>Gordana Juras<\/td><td>1.a<\/td><\/tr><tr><td>Ru\u017eica Kacun<\/td><td>1.b<\/td><\/tr><tr><td>Vlatka Kolari\u0107 \u2013 Deban<\/td><td>3.a<\/td><\/tr><tr><td>Sanja Kolari\u0107 Purgar<\/td><td>Produ\u017eeni boravak<\/td><\/tr><tr><td>Irena Leva\u010di\u0107<\/td><td>2.a<\/td><\/tr><tr><td>Mirela Radovan<\/td><td>3.b<\/td><\/tr><tr><td>Andreja Vinkovi\u0107<\/td><td>Produ\u017eeni boravak<\/td><\/tr><\/tbody><\/table><\/figure>\n<!-- \/wp:table -->\n\n<!-- wp:table -->\n<figure class=\"wp-block-table\"><table><tbody><tr><td colspan=\"2\"><strong>Podatci o u\u010diteljima predmetne nastave<\/strong><\/td><\/tr><tr><td>Ime i prezime<\/td><td>Naziv predmeta koji predaje<\/td><\/tr><tr><td>Barbara Bradi\u0107 Peti<\/td><td>Informatika<\/td><\/tr><tr><td>Marina \u0110ura<\/td><td>Engleski jezik<\/td><\/tr><tr><td>Kristina Fege\u0161<\/td><td>Informatika<\/td><\/tr><tr><td>Ivana Grade\u010dak<\/td><td>Engleski jezik<\/td><\/tr><tr><td>Natalija Guterman \u2013 Vuk<\/td><td>Glazbena kultura<\/td><\/tr><tr><td>Karlo Jambor<\/td><td>Tjelesna i zdravstvena kultura<\/td><\/tr><tr><td>Ivan Kolari\u0107<\/td><td>Vjeronauk<\/td><\/tr><tr><td>Ivana Komar \u2013 Srnec<\/td><td>Njema\u010dki jezik<\/td><\/tr><tr><td>Denis Kos<\/td><td>Povijest i Njema\u010dki jezik<\/td><\/tr><tr><td>Dajana Kova\u010di\u0107<\/td><td>Matematika<\/td><\/tr><tr><td>Dijana Kozjak<\/td><td>Hrvatski jezik<\/td><\/tr><tr><td>Nata\u0161a Kralj<\/td><td>Hrvatski jezik<\/td><\/tr><tr><td>Marko Krha\u010d<\/td><td>Fizika i Tehni\u010dka kultura<\/td><\/tr><tr><td>Nina Magdaleni\u0107 Veselko<\/td><td>Kemija<\/td><\/tr><tr><td>Vesna Martinjak<\/td><td>Matematika<\/td><\/tr><tr><td>Palmina Novak<\/td><td>Geografija i Povijest<\/td><\/tr><tr><td>Ivana \u0160egovi\u0107<\/td><td>Informatika<\/td><\/tr><tr><td>Marija Puri\u0107 \u2013 Hranjec<\/td><td>Priroda i Biologija<\/td><\/tr><tr><td>Monika Vrtari\u0107 \u2013 Vuk<\/td><td>Likovna kultura<\/td><\/tr><tr><td>Petra Zadravec<\/td><td>Vjeronauk<\/td><\/tr><\/tbody><\/table><\/figure>\n<!-- \/wp:table --><\/div>\n<!-- \/wp:group -->\n\n<!-- wp:table -->\n<figure class=\"wp-block-table\"><table><tbody><tr><td colspan=\"2\"><strong>Administrativno osoblje \u00a0<\/strong><\/td><\/tr><tr><td>Slavica Petkovi\u0107<\/td><td>tajnik\/ra\u010dunovo\u0111a<\/td><\/tr><\/tbody><\/table><\/figure>\n<!-- \/wp:table -->\n\n<!-- wp:table -->\n<figure class=\"wp-block-table\"><table><tbody><tr><td colspan=\"2\"><strong>Ravnateljica i stru\u010dni suradnici<\/strong><\/td><\/tr><tr><td>Ksenija Korent<\/td><td>ravnateljica<\/td><\/tr><tr><td>Ivanka Vrbanec \u2013 Kipa<\/td><td>pedagoginja<\/td><\/tr><tr><td>Tanja Radikovi\u0107<\/td><td>knji\u017eni\u010darka<\/td><\/tr><\/tbody><\/table><\/figure>\n<!-- \/wp:table -->\n\n<!-- wp:heading -->\n<h2 class=\"wp-block-heading\"><\/h2>\n<!-- \/wp:heading -->\n\n<!-- wp:table -->\n<figure class=\"wp-block-table\"><table><tbody><tr><td colspan=\"2\"><strong>Tehni\u010dko osoblje \u00a0<\/strong><\/td><\/tr><tr><td>Marinka \u010cavni\u010dar<\/td><td>kuharica<\/td><\/tr><tr><td>Milica Fu\u010dko<\/td><td>sprema\u010dica<\/td><\/tr><tr><td>Barbara Novak<\/td><td>sprema\u010dica<\/td><\/tr><tr><td>Silva Novak<\/td><td>kuharica<\/td><\/tr><tr><td>Radovan Petkovi\u0107<\/td><td>lo\u017ea\u010d \u2013 domar<\/td><\/tr><tr><td>Marina Petrovi\u0107<\/td><td>sprema\u010dica<\/td><\/tr><tr><td>Mirjana Podvezanec &nbsp;<\/td><td>sprema\u010dica<\/td><\/tr><\/tbody><\/table><\/figure>\n<!-- \/wp:table -->\n\n<!-- wp:table -->\n<figure class=\"wp-block-table\"><table><tbody><tr><td colspan=\"2\"><strong>Pomo\u0107nice u nastavi<\/strong><\/td><\/tr><tr><td>Branka Saboli\u0107<\/td><td>pomo\u0107nica u nastavi<\/td><\/tr><tr><td>Klara Novak<\/td><td>pomo\u0107nica u nastavi<\/td><\/tr><tr><td>Ivana Mu\u010di\u0107<\/td><td>pomo\u0107nica u nastavi<\/td><\/tr><tr><td>Marija Nemestnik<\/td><td>pomo\u0107nica u nastavi<\/td><\/tr><tr><td>Spomenka \u017dganec<\/td><td>pomo\u0107nica u nastavi<\/td><\/tr><\/tbody><\/table><\/figure>\n<!-- \/wp:table -->","_et_gb_content_width":"","footnotes":""},"class_list":["post-293940","page","type-page","status-publish","hentry"],"_links":{"self":[{"href":"https:\/\/os-ivanovec.skole.hr\/index.php?rest_route=\/wp\/v2\/pages\/293940","targetHints":{"allow":["GET"]}}],"collection":[{"href":"https:\/\/os-ivanovec.skole.hr\/index.php?rest_route=\/wp\/v2\/pages"}],"about":[{"href":"https:\/\/os-ivanovec.skole.hr\/index.php?rest_route=\/wp\/v2\/types\/page"}],"author":[{"embeddable":true,"href":"https:\/\/os-ivanovec.skole.hr\/index.php?rest_route=\/wp\/v2\/users\/9689"}],"replies":[{"embeddable":true,"href":"https:\/\/os-ivanovec.skole.hr\/index.php?rest_route=%2Fwp%2Fv2%2Fcomments&post=293940"}],"version-history":[{"count":11,"href":"https:\/\/os-ivanovec.skole.hr\/index.php?rest_route=\/wp\/v2\/pages\/293940\/revisions"}],"predecessor-version":[{"id":297648,"href":"https:\/\/os-ivanovec.skole.hr\/index.php?rest_route=\/wp\/v2\/pages\/293940\/revisions\/297648"}],"wp:attachment":[{"href":"https:\/\/os-ivanovec.skole.hr\/index.php?rest_route=%2Fwp%2Fv2%2Fmedia&parent=293940"}],"curies":[{"name":"wp","href":"https:\/\/api.w.org\/{rel}","templated":true}]}}