{"id":293808,"date":"2024-12-22T23:33:54","date_gmt":"2024-12-22T22:33:54","guid":{"rendered":"https:\/\/os-ivanovec.skole.hr\/?page_id=293808"},"modified":"2025-02-02T22:00:03","modified_gmt":"2025-02-02T21:00:03","slug":"skolski-list","status":"publish","type":"page","link":"https:\/\/os-ivanovec.skole.hr\/?page_id=293808","title":{"rendered":"\u0160kolski list"},"content":{"rendered":"\n<figure class=\"wp-block-image aligncenter size-large is-resized\"><img decoding=\"async\" width=\"1024\" height=\"762\" src=\"https:\/\/os-ivanovec.skole.hr\/wp-content\/uploads\/sites\/1042\/2024\/12\/image-7-4-1024x762.jpg\" alt=\"\" class=\"wp-image-293814\" style=\"width:309px;height:auto\" srcset=\"https:\/\/os-ivanovec.skole.hr\/wp-content\/uploads\/sites\/1042\/2024\/12\/image-7-4-980x729.jpg 980w, https:\/\/os-ivanovec.skole.hr\/wp-content\/uploads\/sites\/1042\/2024\/12\/image-7-4-480x357.jpg 480w\" sizes=\"(min-width: 0px) and (max-width: 480px) 480px, (min-width: 481px) and (max-width: 980px) 980px, (min-width: 981px) 1024px, 100vw\" \/><\/figure>\n\n\n\n<p>Od samog osnivanja \u0161kole, jednom godi\u0161nje izlazi na\u0161 \u0161kolski list &#8220;Ivan\u010dica&#8221;. On nastaje kao rezultat u\u010deni\u010dkih putovanja, doga\u0111anja u \u0161koli i izvan \u0161kole, svega zanimljivog \u0161to su zabilje\u017eili na\u0161i vrijedni novinari. Malu novinarsku grupu &#8220;Tigri\u0107i&#8221; vodi u\u010diteljica&nbsp;<strong>Vera Fu\u010dko &#8211; Trstoglavec,<\/strong>&nbsp;a veliku novinarsku grupu u\u010diteljica&nbsp;<strong>Nata\u0161a Kralj<\/strong>. Za literarni dio zadu\u017eene su u\u010diteljice razredne nastave i u\u010diteljica koja vodi literarnu grupu&nbsp;<strong>Dijana Kozjak<\/strong>. Glavna urednica i koordinatorica lista je knji\u017eni\u010darka&nbsp;<strong>Tanja Radikovi\u0107<\/strong>. &#8220;Ivan\u010dica&#8221; je dobro prihva\u0107ena od u\u010denika i prepoznata u \u0161irem okru\u017eenju. Naime, 2009. godine sudjelovali smo na dr\u017eavnoj smotri LiDraNo u Puli, a uspjeh smo ponovili sudjelovanjem na dr\u017eavnoj smotri 2010. u \u0160ibeniku.<\/p>\n\n\n\n<p>Digitalni \u0161kolski list Ivan\u010dica dostupan je na poveznici&nbsp;<a href=\"https:\/\/listivancica.wordpress.com\/\">https:\/\/listivancica.wordpress.com\/<\/a><\/p>\n\n\n\n<p>Pojedini\u00a0tiskani\u00a0brojevi\u00a0 lista\u00a0&#8220;Ivan\u010dice&#8221; digitalizirani su te ih mo\u017eete pogledati u nastavku.\u00a0\u00a0<\/p>\n\n\n\n<p><a href=\"https:\/\/flipbookpdf.net\/web\/site\/e262c27cfe3dfab7f5d01f4b0c93e48a964a3126202502.pdf.html\">Velika \u0161kolska obljetnica<\/a><\/p>\n","protected":false},"excerpt":{"rendered":"<p>Od samog osnivanja \u0161kole, jednom godi\u0161nje izlazi na\u0161 \u0161kolski list &#8220;Ivan\u010dica&#8221;. On nastaje kao rezultat u\u010deni\u010dkih putovanja, doga\u0111anja u \u0161koli i izvan \u0161kole, svega zanimljivog \u0161to su zabilje\u017eili na\u0161i vrijedni novinari. Malu novinarsku grupu &#8220;Tigri\u0107i&#8221; vodi u\u010diteljica&nbsp;Vera Fu\u010dko &#8211; Trstoglavec,&nbsp;a veliku novinarsku grupu u\u010diteljica&nbsp;Nata\u0161a Kralj. Za literarni dio zadu\u017eene su u\u010diteljice razredne nastave i u\u010diteljica [&hellip;]<\/p>\n","protected":false},"author":9689,"featured_media":0,"parent":0,"menu_order":0,"comment_status":"closed","ping_status":"closed","template":"","meta":{"_et_pb_use_builder":"off","_et_pb_old_content":"","_et_gb_content_width":"","footnotes":""},"class_list":["post-293808","page","type-page","status-publish","hentry"],"_links":{"self":[{"href":"https:\/\/os-ivanovec.skole.hr\/index.php?rest_route=\/wp\/v2\/pages\/293808","targetHints":{"allow":["GET"]}}],"collection":[{"href":"https:\/\/os-ivanovec.skole.hr\/index.php?rest_route=\/wp\/v2\/pages"}],"about":[{"href":"https:\/\/os-ivanovec.skole.hr\/index.php?rest_route=\/wp\/v2\/types\/page"}],"author":[{"embeddable":true,"href":"https:\/\/os-ivanovec.skole.hr\/index.php?rest_route=\/wp\/v2\/users\/9689"}],"replies":[{"embeddable":true,"href":"https:\/\/os-ivanovec.skole.hr\/index.php?rest_route=%2Fwp%2Fv2%2Fcomments&post=293808"}],"version-history":[{"count":4,"href":"https:\/\/os-ivanovec.skole.hr\/index.php?rest_route=\/wp\/v2\/pages\/293808\/revisions"}],"predecessor-version":[{"id":295596,"href":"https:\/\/os-ivanovec.skole.hr\/index.php?rest_route=\/wp\/v2\/pages\/293808\/revisions\/295596"}],"wp:attachment":[{"href":"https:\/\/os-ivanovec.skole.hr\/index.php?rest_route=%2Fwp%2Fv2%2Fmedia&parent=293808"}],"curies":[{"name":"wp","href":"https:\/\/api.w.org\/{rel}","templated":true}]}}