{"id":293784,"date":"2024-12-22T23:29:12","date_gmt":"2024-12-22T22:29:12","guid":{"rendered":"https:\/\/os-ivanovec.skole.hr\/?page_id=293784"},"modified":"2025-09-22T14:06:41","modified_gmt":"2025-09-22T12:06:41","slug":"primanje-roditelja","status":"publish","type":"page","link":"https:\/\/os-ivanovec.skole.hr\/?page_id=293784","title":{"rendered":"Primanje roditelja"},"content":{"rendered":"\n<p><strong>\u0160kolska godina 2025.\/2026.  Individualna primanja roditelja<\/strong><\/p>\n\n\n\n<figure class=\"wp-block-table\"><table><tbody><tr><td><strong>U\u010cITELJ\/ICA<\/strong><\/td><td><strong>TERMIN PRIMANJA RODITELJA (dan i sat)<\/strong><\/td><\/tr><tr><td>1. r&nbsp;&nbsp; &nbsp;&nbsp;Vera Fu\u010dko<\/td><td>Srijeda, 3. sat<\/td><\/tr><tr><td>2. a &nbsp;&nbsp;&nbsp;Gordana juras<\/td><td>Utorak, 4. sat<\/td><\/tr><tr><td>2. b&nbsp;&nbsp;&nbsp; Ru\u017eica Kacun<\/td><td>Srijeda, 4. sat<\/td><\/tr><tr><td>3. a&nbsp;&nbsp;&nbsp; Irena Leva\u010di\u0107<\/td><td>Srijeda, 4. sat<\/td><\/tr><tr><td>3. b&nbsp;&nbsp; Tonka Breglec Bla\u017eeka<\/td><td>Srijeda, 2. sat<\/td><\/tr><tr><td>4. a&nbsp; &nbsp;&nbsp;Vlatka Kolari\u0107 Deban<\/td><td>Utorak, 3. sat<\/td><\/tr><tr><td>4. b&nbsp;&nbsp;&nbsp; Mirela Radovan<\/td><td>Ponedjeljak, 3. sat<\/td><\/tr><tr><td>5. a&nbsp;&nbsp; Palmina Novak<\/td><td>\u010cetvrtak, 5. sat<\/td><\/tr><tr><td>5. b&nbsp;&nbsp; Denis Kos<\/td><td>Utorak, 3. sat<\/td><\/tr><tr><td>6. a&nbsp;&nbsp; Dajana Kova\u010di\u0107<\/td><td>Ujutro: \u010detvrtak, 2. sat; popodne: srijeda 5. sat<\/td><\/tr><tr><td>6. b&nbsp;&nbsp;&nbsp; Karlo Jambor<\/td><td>Ponedjeljak, 3. sat<\/td><\/tr><tr><td>7. a&nbsp;&nbsp;&nbsp; Ivana Grade\u010dak<\/td><td>Petak, 4. sat<\/td><\/tr><tr><td>7. b&nbsp;&nbsp; &nbsp;Nata\u0161a Kralj<\/td><td>Ponedjeljak, 4. sat<\/td><\/tr><tr><td>8. a&nbsp;&nbsp;&nbsp; Vesna Martinjak<\/td><td>Srijeda, 4. sat<\/td><\/tr><tr><td>8. b&nbsp;&nbsp;&nbsp; Dijana Kozjak<\/td><td>Ponedjeljak, 4. sat<\/td><\/tr><tr><td>&nbsp;<\/td><td>&nbsp;<\/td><\/tr><tr><td>Marina \u0110ura<\/td><td>Utorak, 3. sat<\/td><\/tr><tr><td>Petra Zadravec<\/td><td>Srijeda, 6. sat<\/td><\/tr><tr><td>Natalija Guterman Vuk<\/td><td>\u010cetvrtak, 4. sat<\/td><\/tr><tr><td>Marko Krha\u010d<\/td><td>Petak, 3. sat<\/td><\/tr><tr><td>Nina Magdaleni\u0107 Veselko<\/td><td>\u010cetvrtak, 3. sat<\/td><\/tr><tr><td>Marija Puri\u0107 Hranjec<\/td><td>Ponedjeljak, 2. sat<\/td><\/tr><tr><td>Ivan Kolari\u0107<\/td><td>Ponedjeljak, 4. sat<\/td><\/tr><tr><td>Kristina Fege\u0161<\/td><td>Utorak, 4. sat (RN)<\/td><\/tr><tr><td>Monika Vrtari\u0107&nbsp; Vuk<\/td><td>Petak, 3. sat<\/td><\/tr><tr><td>Barbara Bradi\u0107 Peti<\/td><td>\u00a0Ponedjeljak &#8211;\u00a0 ujutro RN od 13.00 sati; \u00a0popodne RN od 11.55 sati<\/td><\/tr><tr><td>Ivana Komar Srnec<\/td><td>Ponedjeljak, 3. sat (RN)<\/td><\/tr><\/tbody><\/table><\/figure>\n\n\n\n<p><strong>\u0160k. g. 2024.\/2025. &#8211; Individualna primanja roditelja<\/strong><\/p>\n\n\n\n<div class=\"wp-block-columns is-layout-flex wp-container-core-columns-is-layout-9d6595d7 wp-block-columns-is-layout-flex\">\n<div class=\"wp-block-column is-layout-flow wp-block-column-is-layout-flow\" style=\"flex-basis:100%\">\n<figure class=\"wp-block-table\"><table><tbody><tr><td>1.a&nbsp;&nbsp; Gordana Juras<\/td><td>Ponedjeljak, 4. sat<\/td><\/tr><tr><td>1.b&nbsp;&nbsp; Ru\u017eica Kacun<\/td><td>Ponedjeljak, 4. sat<\/td><\/tr><tr><td>2.a&nbsp;&nbsp; Irena Leva\u010di\u0107<\/td><td>Srijeda, 3.sat<\/td><\/tr><tr><td>2.b&nbsp;&nbsp; Tonia Andri\u0161ek\/Tonka Breglec &#8211; Bla\u017eeka<\/td><td>Ponedjeljak, &nbsp;3. sat<\/td><\/tr><tr><td>3.a&nbsp;&nbsp; Vlatka Kolari\u0107 Deban<\/td><td>Srijeda, 1.sat<\/td><\/tr><tr><td>3.b&nbsp;&nbsp; Mirela Tuksar<\/td><td>Utorak, 3. sat<\/td><\/tr><tr><td>4.a&nbsp;&nbsp; Tea Bogdan<\/td><td>\u010cetvrtak, 4.sat<\/td><\/tr><tr><td>4.b&nbsp;&nbsp; Vera Fu\u010dko<\/td><td>Srijeda, 2.sat<\/td><\/tr><tr><td>5.a&nbsp;&nbsp; Dajana Kova\u010di\u0107<\/td><td>Srijeda, 3. sat<\/td><\/tr><tr><td>5.b&nbsp;&nbsp; Karlo Jambor<\/td><td>Ponedjeljak, 2 sat<\/td><\/tr><tr><td>6.a&nbsp;&nbsp; Ivana Grade\u010dak<\/td><td>Utorak, 3.sat<\/td><\/tr><tr><td>6.b&nbsp;&nbsp; Nata\u0161a Kralj<\/td><td>Utorak, 5. sat<\/td><\/tr><tr><td>7.a&nbsp;&nbsp; Vesna Martinjak<\/td><td>Petak, 3.sat<\/td><\/tr><tr><td>7.b&nbsp;&nbsp; Dijana Kozjak<\/td><td>Petak, 4. sat<\/td><\/tr><tr><td>8.a&nbsp;&nbsp; Palmina Novak<\/td><td>Srijeda, 4. sat<\/td><\/tr><tr><td>8.b&nbsp;&nbsp; Denis Kos<\/td><td>Srijeda 2. sat ili nakon 6. sata<\/td><\/tr><tr><td>&nbsp;<\/td><td>&nbsp;<\/td><\/tr><tr><td>Marina \u0110ura<\/td><td>\u010cetvrtak, 3.sat<\/td><\/tr><tr><td>Ivana Komar Srnec<\/td><td>Srijeda, 3.sat<\/td><\/tr><tr><td>Petra Zadravec<\/td><td>\u010cetvrtak, 2. sat<\/td><\/tr><tr><td>Natalija Guterman &#8211; Vuk<\/td><td>Ponedjeljak 5.sat<\/td><\/tr><tr><td>Marko Krha\u010d<\/td><td>Srijeda, 4. sat<\/td><\/tr><tr><td>Nina Magdaleni\u0107 Veselko<\/td><td>\u010cetvrtak, 3.sat<\/td><\/tr><tr><td>Marija Puri\u0107 &#8211; Hranjec<\/td><td>\u010cetvrtak, 2. sat<\/td><\/tr><tr><td>Ivan Kolari\u0107<\/td><td>Utorak, 2. sat<\/td><\/tr><tr><td>Kristina Fege\u0161<\/td><td>Srijeda, 3. sat<\/td><\/tr><tr><td>Monika Vrtari\u0107 Vuk<\/td><td>Petak, 5. sat<\/td><\/tr><tr><td>Barbara Bradi\u0107 Peti<\/td><td>Srijeda, 3.sat<\/td><\/tr><\/tbody><\/table><\/figure>\n<\/div>\n<\/div>\n\n\n\n<p><\/p>\n","protected":false},"excerpt":{"rendered":"<p>\u0160kolska godina 2025.\/2026. Individualna primanja roditelja U\u010cITELJ\/ICA TERMIN PRIMANJA RODITELJA (dan i sat) 1. r&nbsp;&nbsp; &nbsp;&nbsp;Vera Fu\u010dko Srijeda, 3. sat 2. a &nbsp;&nbsp;&nbsp;Gordana juras Utorak, 4. sat 2. b&nbsp;&nbsp;&nbsp; Ru\u017eica Kacun Srijeda, 4. sat 3. a&nbsp;&nbsp;&nbsp; Irena Leva\u010di\u0107 Srijeda, 4. sat 3. b&nbsp;&nbsp; Tonka Breglec Bla\u017eeka Srijeda, 2. sat 4. a&nbsp; &nbsp;&nbsp;Vlatka Kolari\u0107 Deban Utorak, [&hellip;]<\/p>\n","protected":false},"author":9689,"featured_media":0,"parent":293778,"menu_order":0,"comment_status":"closed","ping_status":"closed","template":"","meta":{"_et_pb_use_builder":"off","_et_pb_old_content":"","_et_gb_content_width":"","footnotes":""},"class_list":["post-293784","page","type-page","status-publish","hentry"],"_links":{"self":[{"href":"https:\/\/os-ivanovec.skole.hr\/index.php?rest_route=\/wp\/v2\/pages\/293784","targetHints":{"allow":["GET"]}}],"collection":[{"href":"https:\/\/os-ivanovec.skole.hr\/index.php?rest_route=\/wp\/v2\/pages"}],"about":[{"href":"https:\/\/os-ivanovec.skole.hr\/index.php?rest_route=\/wp\/v2\/types\/page"}],"author":[{"embeddable":true,"href":"https:\/\/os-ivanovec.skole.hr\/index.php?rest_route=\/wp\/v2\/users\/9689"}],"replies":[{"embeddable":true,"href":"https:\/\/os-ivanovec.skole.hr\/index.php?rest_route=%2Fwp%2Fv2%2Fcomments&post=293784"}],"version-history":[{"count":12,"href":"https:\/\/os-ivanovec.skole.hr\/index.php?rest_route=\/wp\/v2\/pages\/293784\/revisions"}],"predecessor-version":[{"id":297759,"href":"https:\/\/os-ivanovec.skole.hr\/index.php?rest_route=\/wp\/v2\/pages\/293784\/revisions\/297759"}],"up":[{"embeddable":true,"href":"https:\/\/os-ivanovec.skole.hr\/index.php?rest_route=\/wp\/v2\/pages\/293778"}],"wp:attachment":[{"href":"https:\/\/os-ivanovec.skole.hr\/index.php?rest_route=%2Fwp%2Fv2%2Fmedia&parent=293784"}],"curies":[{"name":"wp","href":"https:\/\/api.w.org\/{rel}","templated":true}]}}