{"id":293778,"date":"2024-12-22T23:28:10","date_gmt":"2024-12-22T22:28:10","guid":{"rendered":"https:\/\/os-ivanovec.skole.hr\/?page_id=293778"},"modified":"2024-12-22T23:28:10","modified_gmt":"2024-12-22T22:28:10","slug":"kutak-za-roditelje","status":"publish","type":"page","link":"https:\/\/os-ivanovec.skole.hr\/?page_id=293778","title":{"rendered":"Kutak za roditelje"},"content":{"rendered":"\n<h2 class=\"wp-block-heading has-text-align-center has-vivid-cyan-blue-color has-text-color has-link-color wp-elements-6c450330a903f6406ece8624bfd0cbfc\">Roditelj, saveznik, pomaga\u010d, vo\u0111a i prijatelj\u00a0<\/h2>\n\n\n\n<h3 class=\"wp-block-heading has-text-align-center\"><strong><u>Suradnja roditelja i \u0161kole<\/u><\/strong><\/h3>\n\n\n\n<p><strong>Koliko god vremena u\u010ditelji provodili s djecom u \u0161koli i \u0161to god radili da ih odgoje u duhu tolerancije, multikulturalnosti i cjelo\u017eivotnog u\u010denja, presudnu ulogu u razvijanju dje\u010djih vrijednosti ipak ima njihova obitelj &#8211; roditelji, skrbnici, bake i djedovi, oni s kojima su odrasli.&nbsp;<\/strong><\/p>\n\n\n\n<h3 class=\"wp-block-heading has-text-align-center\"><strong><u>Ukorak s na\u0161om djecom<\/u><\/strong><\/h3>\n\n\n\n<p><strong>Mi, roditelji i u\u010ditelji, u duhu promjena koje se \u0161kolstvu iz dana u dan doga\u0111aju i u \u017eelji da zajedni\u010dki usmjeravamo mlade ljude k pronala\u017eenju pravih \u017eivotnih vrijednosti tebamo biti partneri i primjerom pokazati \u0161to je to timski rad i \u0161to nam on dobroga donosi. Od iznimne va\u017enosti za opstanak odgojno-obrazovnog partnerstva jesu redoviti susreti odgajatelja i obrazovatelja. \u010cetiri puta godi\u0161nje na roditeljskim sastancima, i prema potrebi na redovitim informacijama, minimum je koji zadovoljava.<\/strong><\/p>\n\n\n\n<p><strong>Roditeljskisastanci&nbsp;uistinu su dobra prilika da \u010dujete koji koristan savjet, ali i porazgovarate s ljudima s kojima sigurno imate ne\u0161to zajedni\u010dko s obzirom na to da odgajate djecu iste dobi i vrlo sli\u010dnih interesa. Na roditeljskim sastancima mo\u017eemo dogovarati zajedni\u010dke projekte, razmjenjivati va\u017ene informacije koje se ti\u010du cijelog razreda, obrazovati se, upoznavati i sura\u0111ivati. Ne biste trebali izbjegavati sastanke misle\u0107i kako su oni gubljenje vremena i kako na njima ni\u0161ta novoga ne\u0107ete nau\u010diti. Neki roditelji toliko nisu voljeli \u0161kolu u doba kada su i sami bili \u0161kolarci da ju i danas obilaze u \u0161irokom luku. Drugi se ne sla\u017eu s ostalim roditeljima, te zbog toga ne dolaze na sastanke. Zvu\u010dat \u0107u grubo, ali ne mogu pre\u0161utjeti da su to previ\u0161e sebi\u010dni razlozi za izbjegavanje jedne od rijetkih prilika koja vam se pru\u017ea da se obrazujete i usavr\u0161avate za najljep\u0161i, ali i najte\u017ei poziv u \u017eivotu &#8211; roditeljstvo.<\/strong><\/p>\n\n\n\n<p><br><strong>Individualni sastanci- prigoda su da redovito nadzirete napredovanje svoga potomka, jer, vjerovali ili ne, njima je do toga jako stalo. Prolaze li s odli\u010dnim ili manje odli\u010dnim uspjehom, vole znati koliko se brinete i da vas zanima kakvi su u \u0161koli. Za dobru suradnju s nama razrednicima poku\u0161ajte kad god je to mogu\u0107e po\u0161tovati na\u0161e radno vrijeme i dolaziti na informacije u ono vrijeme koje smo za to odredili. \u017delite li do\u0107i u \u0161kolu, a vrijeme odre\u0111eno za informacije vam nikako ne odgovara, najavite se i dogovorite neko drugo vrijeme koje \u0107e razrednik posvetiti samo vama.<\/strong><\/p>\n\n\n\n<h3 class=\"wp-block-heading has-text-align-center\"><strong><u>Partneri i prijatelji<\/u><\/strong><\/h3>\n\n\n\n<p><strong>Budimo partneri i prijatelji koji zajedni\u010dki vode djecu na izlete i ekskurzije. Skrbimo o izgledu i opremljenosti \u0161kole u kojoj pola dana proboravi va\u0161e dijete. Sudjelujmo timski u organizaciji proslava, humanitarnih akcija, zabava, maskenbala. Cijenimo i podupirimo jedni druge. Omalova\u017eavamo li mi \u0161kolu kao instituciju i pokazujemo li otvoreno negodovanje prema suradnji s u\u010diteljima, isto \u0107e \u010diniti i na\u0161a djeca.<\/strong><\/p>\n\n\n\n<p><strong>Sura\u0111ujmo, po\u0161tujmo jedni druge, vjerujmo u mlade nara\u0161taje! Nama je mo\u017eda njihova matematika jako te\u0161ka, no mnogima su od nas moderni mobiteli prava enigma, internet jo\u0161 uvijek svjetsko \u010dudo, a iPod nepoznanica. Njima ne. Suvereno vladaju tehnologijom, izra\u0111uju power point prezentacije, prebacuju s harda na USB, snimaju filmove, dosnimavaju zvukove. Milina ih je promatrati, a pravi izazov poku\u0161avati i\u0107i ukorak s njima.<\/strong><\/p>\n\n\n\n<p><strong>Bilo bi jo\u0161 ljep\u0161e i plodnije kada bi se sve, ili barem ve\u0107ina obitelji, aktivno i suradni\u010dki uklju\u010dile u avanturu zvanu odgoj i obrazovanje djece i mladih. Ukoliko ve\u0107 nisu (a ima onih koji jesu), trebali bi usko\u010diti u na\u0161 vlak ili nas barem pri\u010dekati na nekoj od sljede\u0107ih postaja i u nekoliko jednostavnih koraka postati roditelj, saveznik, pomaga\u010d, vo\u0111a, prijatelj.<\/strong><\/p>\n\n\n\n<p><\/p>\n\n\n\n<h2 class=\"wp-block-heading has-text-align-center has-vivid-cyan-blue-color has-text-color has-link-color wp-elements-64ac98d9d35d0c50a708b60c3e0292c9\"><strong>Djeca, roditelji i mediji<\/strong><\/h2>\n\n\n\n<p>Po\u0161tovani roditelji, knji\u017eicu za roditelje i skrbnike u kojoj mo\u017eete prona\u0107i mnogo\u00a0 korisnih informacija tome kako sigurno koristiti medije u obitelji te\u00a0 kako s djecom razgovarati o medijima prona\u0111ite i pro\u010ditajte na dnu stranice me\u0111u prilozima.<\/p>\n\n\n\n<p class=\"has-text-align-center\"><strong><em>\u201eU svakom roditelju \u017eivi u\u010denik \u2013 netko tko je i sam i\u0161ao u \u0161kolu, nekad uspje\u0161no, nekad neuspje\u0161no\u2026 Mnogi roditelji i danas ulaze u \u0161kolu preplavljeni starim osje\u0107ajima\u2026\u201c<\/em><\/strong><\/p>\n\n\n\n<p><\/p>\n\n\n\n<p><\/p>\n","protected":false},"excerpt":{"rendered":"<p>Roditelj, saveznik, pomaga\u010d, vo\u0111a i prijatelj\u00a0 Suradnja roditelja i \u0161kole Koliko god vremena u\u010ditelji provodili s djecom u \u0161koli i \u0161to god radili da ih odgoje u duhu tolerancije, multikulturalnosti i cjelo\u017eivotnog u\u010denja, presudnu ulogu u razvijanju dje\u010djih vrijednosti ipak ima njihova obitelj &#8211; roditelji, skrbnici, bake i djedovi, oni s kojima su odrasli.&nbsp; Ukorak [&hellip;]<\/p>\n","protected":false},"author":9689,"featured_media":0,"parent":0,"menu_order":0,"comment_status":"closed","ping_status":"closed","template":"","meta":{"_et_pb_use_builder":"off","_et_pb_old_content":"","_et_gb_content_width":"","footnotes":""},"class_list":["post-293778","page","type-page","status-publish","hentry"],"_links":{"self":[{"href":"https:\/\/os-ivanovec.skole.hr\/index.php?rest_route=\/wp\/v2\/pages\/293778","targetHints":{"allow":["GET"]}}],"collection":[{"href":"https:\/\/os-ivanovec.skole.hr\/index.php?rest_route=\/wp\/v2\/pages"}],"about":[{"href":"https:\/\/os-ivanovec.skole.hr\/index.php?rest_route=\/wp\/v2\/types\/page"}],"author":[{"embeddable":true,"href":"https:\/\/os-ivanovec.skole.hr\/index.php?rest_route=\/wp\/v2\/users\/9689"}],"replies":[{"embeddable":true,"href":"https:\/\/os-ivanovec.skole.hr\/index.php?rest_route=%2Fwp%2Fv2%2Fcomments&post=293778"}],"version-history":[{"count":1,"href":"https:\/\/os-ivanovec.skole.hr\/index.php?rest_route=\/wp\/v2\/pages\/293778\/revisions"}],"predecessor-version":[{"id":293781,"href":"https:\/\/os-ivanovec.skole.hr\/index.php?rest_route=\/wp\/v2\/pages\/293778\/revisions\/293781"}],"wp:attachment":[{"href":"https:\/\/os-ivanovec.skole.hr\/index.php?rest_route=%2Fwp%2Fv2%2Fmedia&parent=293778"}],"curies":[{"name":"wp","href":"https:\/\/api.w.org\/{rel}","templated":true}]}}