{"id":293706,"date":"2024-12-22T23:17:03","date_gmt":"2024-12-22T22:17:03","guid":{"rendered":"https:\/\/os-ivanovec.skole.hr\/?page_id=293706"},"modified":"2024-12-22T23:17:03","modified_gmt":"2024-12-22T22:17:03","slug":"upisi-u-srednju-skolu","status":"publish","type":"page","link":"https:\/\/os-ivanovec.skole.hr\/?page_id=293706","title":{"rendered":"Upisi u srednju \u0161kolu"},"content":{"rendered":"\n<p><strong>Korisne stranice za osma\u0161e&nbsp;<\/strong><\/p>\n\n\n\n<p><a href=\"http:\/\/www.upisi.hr\/\">http:\/\/www.upisi.hr<\/a><\/p>\n\n\n\n<p><a href=\"http:\/\/www.srednja.hr\/\">http:\/\/www.srednja.hr<\/a><\/p>\n\n\n\n<p><a href=\"http:\/\/www.ucenici.hr\/\">http:\/\/www.ucenici.hr<\/a><\/p>\n\n\n\n<p>Na navednim stranicama mo\u017eete prona\u0107i najva\u017enije obavijesti vezane uz<br>upise u srednju&nbsp;\u0161kolu.<\/p>\n\n\n\n<p>Dostupna je i snimka&nbsp;<strong>Webinara za sve u\u010denike koji upisuju I. razred srednje \u0161kole&nbsp;<\/strong>na sljede\u0107oj poveznici:&nbsp;<a href=\"https:\/\/meduza.carnet.hr\/index.php\/media\/watch\/12368\">https:\/\/meduza.carnet.hr\/index.php\/media\/watch\/12368<\/a><\/p>\n\n\n\n<p>Linkovi&nbsp;na stranice pojedinih srednjih \u0161kola dani su u nastavku:<\/p>\n\n\n\n<ul class=\"wp-block-list\">\n<li><a href=\"http:\/\/gimnazija-cakovec.skole.hr\/\">http:\/\/gimnazija-cakovec.skole.hr\/<\/a><\/li>\n\n\n\n<li><a href=\"http:\/\/www.ets.hr\/\">http:\/\/www.ets.hr\/<\/a><\/li>\n\n\n\n<li><a href=\"http:\/\/www.ss-cakovec.skole.hr\/\">http:\/\/www.ss-cakovec.skole.hr\/<\/a><\/li>\n\n\n\n<li><a href=\"http:\/\/www.ss-tehnicka-ck.skole.hr\/\">http:\/\/www.ss-tehnicka-ck.skole.hr\/<\/a><\/li>\n\n\n\n<li><a href=\"http:\/\/www.ss-graditeljska-ck.skole.hr\/\">http:\/\/www.ss-graditeljska-ck.skole.hr\/<\/a><\/li>\n\n\n\n<li><a href=\"http:\/\/ss-gospodarska-ck.skole.hr\/\">http:\/\/ss-gospodarska-ck.skole.hr\/<\/a><\/li>\n<\/ul>\n\n\n\n<p>U prilo\u017eenim dokumentima tako\u0111er mo\u017eete prona\u0107i korisne informacije o upisu u srednju \u0161kolu.<\/p>\n\n\n\n<p>Prilo\u017eeni dokumenti:<br><a href=\"https:\/\/os-ivanovec.skole.hr\/upload\/os-ivanovec\/images\/static3\/917\/attachment\/Dopis_MZO_OS.pdf\">Dopis MZO OS.pdf<\/a><br><a href=\"https:\/\/os-ivanovec.skole.hr\/upload\/os-ivanovec\/images\/static3\/917\/attachment\/Dopis_MZO-UDU_i_GUO.pdf\">Dopis MZO-UDU i GUO.pdf<\/a><br><a href=\"https:\/\/os-ivanovec.skole.hr\/upload\/os-ivanovec\/images\/static3\/917\/attachment\/Postupci_prijava_i_upisa_kandidata_u_srednje_skole.doc\">Postupci prijava i upisa kandidata u srednje skole.doc<\/a><br><a href=\"https:\/\/os-ivanovec.skole.hr\/upload\/os-ivanovec\/images\/static3\/917\/attachment\/Publikacija_IDEMO_U_SREDNJU_!.pdf\">Publikacija IDEMO U SREDNJU !.pdf<\/a><br><a href=\"https:\/\/os-ivanovec.skole.hr\/upload\/os-ivanovec\/images\/static3\/917\/attachment\/ODLUKA_O_UPISU_UCENIKA_U_SREDNJU_SKOLU__2022-2023.doc\">ODLUKA O UPISU UCENIKA U SREDNJU SKOLU 2022-2023.doc<\/a><br><a href=\"https:\/\/os-ivanovec.skole.hr\/upload\/os-ivanovec\/images\/static3\/917\/attachment\/UPISNI_ROKOVI__U_SREDNJU__202-23__.doc\">UPISNI ROKOVI U SREDNJU 202-23 .doc<\/a><\/p>\n","protected":false},"excerpt":{"rendered":"<p>Korisne stranice za osma\u0161e&nbsp; http:\/\/www.upisi.hr http:\/\/www.srednja.hr http:\/\/www.ucenici.hr Na navednim stranicama mo\u017eete prona\u0107i najva\u017enije obavijesti vezane uzupise u srednju&nbsp;\u0161kolu. Dostupna je i snimka&nbsp;Webinara za sve u\u010denike koji upisuju I. razred srednje \u0161kole&nbsp;na sljede\u0107oj poveznici:&nbsp;https:\/\/meduza.carnet.hr\/index.php\/media\/watch\/12368 Linkovi&nbsp;na stranice pojedinih srednjih \u0161kola dani su u nastavku: U prilo\u017eenim dokumentima tako\u0111er mo\u017eete prona\u0107i korisne informacije o upisu u srednju \u0161kolu. [&hellip;]<\/p>\n","protected":false},"author":9689,"featured_media":0,"parent":0,"menu_order":0,"comment_status":"closed","ping_status":"closed","template":"","meta":{"_et_pb_use_builder":"off","_et_pb_old_content":"","_et_gb_content_width":"","footnotes":""},"class_list":["post-293706","page","type-page","status-publish","hentry"],"_links":{"self":[{"href":"https:\/\/os-ivanovec.skole.hr\/index.php?rest_route=\/wp\/v2\/pages\/293706","targetHints":{"allow":["GET"]}}],"collection":[{"href":"https:\/\/os-ivanovec.skole.hr\/index.php?rest_route=\/wp\/v2\/pages"}],"about":[{"href":"https:\/\/os-ivanovec.skole.hr\/index.php?rest_route=\/wp\/v2\/types\/page"}],"author":[{"embeddable":true,"href":"https:\/\/os-ivanovec.skole.hr\/index.php?rest_route=\/wp\/v2\/users\/9689"}],"replies":[{"embeddable":true,"href":"https:\/\/os-ivanovec.skole.hr\/index.php?rest_route=%2Fwp%2Fv2%2Fcomments&post=293706"}],"version-history":[{"count":1,"href":"https:\/\/os-ivanovec.skole.hr\/index.php?rest_route=\/wp\/v2\/pages\/293706\/revisions"}],"predecessor-version":[{"id":293709,"href":"https:\/\/os-ivanovec.skole.hr\/index.php?rest_route=\/wp\/v2\/pages\/293706\/revisions\/293709"}],"wp:attachment":[{"href":"https:\/\/os-ivanovec.skole.hr\/index.php?rest_route=%2Fwp%2Fv2%2Fmedia&parent=293706"}],"curies":[{"name":"wp","href":"https:\/\/api.w.org\/{rel}","templated":true}]}}