{"id":293700,"date":"2024-12-22T23:16:38","date_gmt":"2024-12-22T22:16:38","guid":{"rendered":"https:\/\/os-ivanovec.skole.hr\/?page_id=293700"},"modified":"2026-03-02T12:27:26","modified_gmt":"2026-03-02T11:27:26","slug":"upisi-u-1-razred","status":"publish","type":"page","link":"https:\/\/os-ivanovec.skole.hr\/?page_id=293700","title":{"rendered":"Upisi u 1.razred"},"content":{"rendered":"\n<p><\/p>\n\n\n\n<p>Na ovoj stranici u prilo\u017eenim dokumentima roditelji u\u010denika koji upisuju prvi razred mogu na\u0107i potrebne i korisne informacije.&nbsp;<\/p>\n\n\n\n<figure class=\"wp-block-image aligncenter size-large is-resized\"><a href=\"https:\/\/cdn.pixabay.com\/photo\/2017\/08\/11\/01\/37\/back-to-school-2629361_1280.jpg\"><img decoding=\"async\" width=\"1024\" height=\"682\" src=\"https:\/\/os-ivanovec.skole.hr\/wp-content\/uploads\/sites\/1042\/2025\/01\/image-7-2-1024x682.jpg\" alt=\"\" class=\"wp-image-294402\" style=\"width:510px;height:auto\" srcset=\"https:\/\/os-ivanovec.skole.hr\/wp-content\/uploads\/sites\/1042\/2025\/01\/image-7-2-1024x682.jpg 1024w, https:\/\/os-ivanovec.skole.hr\/wp-content\/uploads\/sites\/1042\/2025\/01\/image-7-2-980x653.jpg 980w, https:\/\/os-ivanovec.skole.hr\/wp-content\/uploads\/sites\/1042\/2025\/01\/image-7-2-480x320.jpg 480w\" sizes=\"(min-width: 0px) and (max-width: 480px) 480px, (min-width: 481px) and (max-width: 980px) 980px, (min-width: 981px) 1024px, 100vw\" \/><\/a><\/figure>\n\n\n\n<div class=\"wp-block-group is-nowrap is-layout-flex wp-container-core-group-is-layout-ad2f72ca wp-block-group-is-layout-flex\"><\/div>\n\n\n\n<p>Sve potrebne materijale za upis u prvi razred djece u \u0161kolskoj godini 2026.\/2027. mo\u017eete na\u0107i u prilo\u017eenim dokumentima.<\/p>\n\n\n\n<div data-wp-interactive=\"core\/file\" class=\"wp-block-file\"><object data-wp-bind--hidden=\"!state.hasPdfPreview\" hidden class=\"wp-block-file__embed\" data=\"https:\/\/os-ivanovec.skole.hr\/wp-content\/uploads\/sites\/1042\/2026\/01\/BROSURA-upis-djece-u-prvi-razred-OS-informacije.pdf\" type=\"application\/pdf\" style=\"width:100%;height:600px\" aria-label=\"Ugra\u0111eno BROSURA-upis-djece-u-prvi-razred-OS-informacije.\"><\/object><a id=\"wp-block-file--media-50921b39-6240-4f00-b71f-207fad11392b\" href=\"https:\/\/os-ivanovec.skole.hr\/wp-content\/uploads\/sites\/1042\/2026\/01\/BROSURA-upis-djece-u-prvi-razred-OS-informacije.pdf\">BROSURA-upis-djece-u-prvi-razred-OS-informacije<\/a><a href=\"https:\/\/os-ivanovec.skole.hr\/wp-content\/uploads\/sites\/1042\/2026\/01\/BROSURA-upis-djece-u-prvi-razred-OS-informacije.pdf\" class=\"wp-block-file__button wp-element-button\" download aria-describedby=\"wp-block-file--media-50921b39-6240-4f00-b71f-207fad11392b\">Preuzmi<\/a><\/div>\n\n\n\n<div data-wp-interactive=\"core\/file\" class=\"wp-block-file\"><object data-wp-bind--hidden=\"!state.hasPdfPreview\" hidden class=\"wp-block-file__embed\" data=\"https:\/\/os-ivanovec.skole.hr\/wp-content\/uploads\/sites\/1042\/2026\/01\/PLAN-UPISA-U-PRVI-RAZRED-OS-2026-2027.pdf\" type=\"application\/pdf\" style=\"width:100%;height:600px\" aria-label=\"Ugra\u0111eno PLAN-UPISA-U-PRVI-RAZRED-OS-2026-2027.\"><\/object><a id=\"wp-block-file--media-44410bb6-ce08-4a3f-81dc-65a29eb5659c\" href=\"https:\/\/os-ivanovec.skole.hr\/wp-content\/uploads\/sites\/1042\/2026\/01\/PLAN-UPISA-U-PRVI-RAZRED-OS-2026-2027.pdf\">PLAN-UPISA-U-PRVI-RAZRED-OS-2026-2027<\/a><a href=\"https:\/\/os-ivanovec.skole.hr\/wp-content\/uploads\/sites\/1042\/2026\/01\/PLAN-UPISA-U-PRVI-RAZRED-OS-2026-2027.pdf\" class=\"wp-block-file__button wp-element-button\" download aria-describedby=\"wp-block-file--media-44410bb6-ce08-4a3f-81dc-65a29eb5659c\">Preuzmi<\/a><\/div>\n\n\n\n<div data-wp-interactive=\"core\/file\" class=\"wp-block-file\"><object data-wp-bind--hidden=\"!state.hasPdfPreview\" hidden class=\"wp-block-file__embed\" data=\"https:\/\/os-ivanovec.skole.hr\/wp-content\/uploads\/sites\/1042\/2026\/01\/POPIS-OSNOVNIH-SKOLA-S-KONTAKT-PODACIMA.pdf\" type=\"application\/pdf\" style=\"width:100%;height:600px\" aria-label=\"Ugra\u0111eno POPIS-OSNOVNIH-SKOLA-S-KONTAKT-PODACIMA.\"><\/object><a id=\"wp-block-file--media-92817e7f-16c6-4087-893a-ae1502182506\" href=\"https:\/\/os-ivanovec.skole.hr\/wp-content\/uploads\/sites\/1042\/2026\/01\/POPIS-OSNOVNIH-SKOLA-S-KONTAKT-PODACIMA.pdf\">POPIS-OSNOVNIH-SKOLA-S-KONTAKT-PODACIMA<\/a><a href=\"https:\/\/os-ivanovec.skole.hr\/wp-content\/uploads\/sites\/1042\/2026\/01\/POPIS-OSNOVNIH-SKOLA-S-KONTAKT-PODACIMA.pdf\" class=\"wp-block-file__button wp-element-button\" download aria-describedby=\"wp-block-file--media-92817e7f-16c6-4087-893a-ae1502182506\">Preuzmi<\/a><\/div>\n\n\n\n<div data-wp-interactive=\"core\/file\" class=\"wp-block-file\"><object data-wp-bind--hidden=\"!state.hasPdfPreview\" hidden class=\"wp-block-file__embed\" data=\"https:\/\/os-ivanovec.skole.hr\/wp-content\/uploads\/sites\/1042\/2026\/01\/Roditeljski-sastanak-2026-2027.pdf\" type=\"application\/pdf\" style=\"width:100%;height:600px\" aria-label=\"Ugra\u0111eno Roditeljski-sastanak-2026-2027.\"><\/object><a id=\"wp-block-file--media-800b0d6d-8c17-4351-b37f-54903e8e98a8\" href=\"https:\/\/os-ivanovec.skole.hr\/wp-content\/uploads\/sites\/1042\/2026\/01\/Roditeljski-sastanak-2026-2027.pdf\">Roditeljski-sastanak-2026-2027<\/a><a href=\"https:\/\/os-ivanovec.skole.hr\/wp-content\/uploads\/sites\/1042\/2026\/01\/Roditeljski-sastanak-2026-2027.pdf\" class=\"wp-block-file__button wp-element-button\" download aria-describedby=\"wp-block-file--media-800b0d6d-8c17-4351-b37f-54903e8e98a8\">Preuzmi<\/a><\/div>\n\n\n\n<div data-wp-interactive=\"core\/file\" class=\"wp-block-file\"><object data-wp-bind--hidden=\"!state.hasPdfPreview\" hidden class=\"wp-block-file__embed\" data=\"https:\/\/os-ivanovec.skole.hr\/wp-content\/uploads\/sites\/1042\/2026\/01\/UPISNA-PODRUCJA.pdf\" type=\"application\/pdf\" style=\"width:100%;height:600px\" aria-label=\"Ugra\u0111eno UPISNA-PODRUCJA.\"><\/object><a id=\"wp-block-file--media-a140966b-4a4c-4200-8b13-51a3b1dae988\" href=\"https:\/\/os-ivanovec.skole.hr\/wp-content\/uploads\/sites\/1042\/2026\/01\/UPISNA-PODRUCJA.pdf\">UPISNA-PODRUCJA<\/a><a href=\"https:\/\/os-ivanovec.skole.hr\/wp-content\/uploads\/sites\/1042\/2026\/01\/UPISNA-PODRUCJA.pdf\" class=\"wp-block-file__button wp-element-button\" download aria-describedby=\"wp-block-file--media-a140966b-4a4c-4200-8b13-51a3b1dae988\">Preuzmi<\/a><\/div>\n\n\n\n<div data-wp-interactive=\"core\/file\" class=\"wp-block-file\"><object data-wp-bind--hidden=\"!state.hasPdfPreview\" hidden class=\"wp-block-file__embed\" data=\"https:\/\/os-ivanovec.skole.hr\/wp-content\/uploads\/sites\/1042\/2026\/03\/Informacije-sistematski-pregled-djece-.pdf\" type=\"application\/pdf\" style=\"width:100%;height:600px\" aria-label=\"Ugra\u0111eno Informacije-sistematski-pregled-djece-.\"><\/object><a id=\"wp-block-file--media-95abb63a-6f3c-476c-89fe-fb646871737a\" href=\"https:\/\/os-ivanovec.skole.hr\/wp-content\/uploads\/sites\/1042\/2026\/03\/Informacije-sistematski-pregled-djece-.pdf\">Informacije-sistematski-pregled-djece-<\/a><a href=\"https:\/\/os-ivanovec.skole.hr\/wp-content\/uploads\/sites\/1042\/2026\/03\/Informacije-sistematski-pregled-djece-.pdf\" class=\"wp-block-file__button wp-element-button\" download aria-describedby=\"wp-block-file--media-95abb63a-6f3c-476c-89fe-fb646871737a\">Preuzmi<\/a><\/div>\n\n\n\n<h2 class=\"wp-block-heading has-pale-ocean-gradient-background has-background\">Roditeljski sastanak za upis u 1.razred<\/h2>\n\n\n\n<p><strong>Roditeljski sastanak za upis djece u 1. razred osnovne \u0161kole u \u0161kolskoj godinu 2026.\/2027. odr\u017eat \u0107e se u prostorijama \u0161kole u srijedu, 18. velja\u010de 2026. s po\u010detkom u 17.00 sati.<\/strong><\/p>\n\n\n\n<p><\/p>\n\n\n\n<h4 class=\"wp-block-heading\">Roditeljski sastanak za upis djece u 1. razred osnovne \u0161kole u \u0161k. g. 2025.\/2026. odr\u017eat \u0107e se u prostorijama \u0161kole u utorak, 04. 02. 2025. s po\u010detkom u 17.00 sati.<\/h4>\n\n\n\n<p><\/p>\n\n\n<p><a id=\"wp-block-file--media-66ee44fb-2d46-46d7-9b06-3642ed78e516\" href=\"https:\/\/os-ivanovec.skole.hr\/wp-content\/uploads\/sites\/1042\/2025\/01\/Mreza-osnovnoskolskih-ustanova-Medimurska-zupanija.pdf\">Mreza-osnovnoskolskih-ustanova-Medimurska-zupanija<\/a><a class=\"wp-block-file__button wp-element-button\" href=\"https:\/\/os-ivanovec.skole.hr\/wp-content\/uploads\/sites\/1042\/2025\/01\/Mreza-osnovnoskolskih-ustanova-Medimurska-zupanija.pdf\" aria-describedby=\"wp-block-file--media-66ee44fb-2d46-46d7-9b06-3642ed78e516\">Preuzmi<\/a><\/p>\n<p><a id=\"wp-block-file--media-3b90f0cf-5349-495e-8e3f-12f86d901a98\" href=\"https:\/\/os-ivanovec.skole.hr\/wp-content\/uploads\/sites\/1042\/2025\/01\/Obavijest-roditeljima-skrbnicima.pdf\">Obavijest-roditeljima-skrbnicima<\/a><a class=\"wp-block-file__button wp-element-button\" href=\"https:\/\/os-ivanovec.skole.hr\/wp-content\/uploads\/sites\/1042\/2025\/01\/Obavijest-roditeljima-skrbnicima.pdf\" aria-describedby=\"wp-block-file--media-3b90f0cf-5349-495e-8e3f-12f86d901a98\">Preuzmi<\/a><\/p>\n<p><a id=\"wp-block-file--media-44c794d9-38fc-4b48-beab-89fe49022c5b\" href=\"https:\/\/os-ivanovec.skole.hr\/wp-content\/uploads\/sites\/1042\/2025\/01\/Plan-upisa-u-prvi-razred-OS-2025-2026.-Medimurska-zupanija.pdf\">Plan-upisa-u-prvi-razred-OS-2025-2026.-Medimurska-zupanija<\/a><a class=\"wp-block-file__button wp-element-button\" href=\"https:\/\/os-ivanovec.skole.hr\/wp-content\/uploads\/sites\/1042\/2025\/01\/Plan-upisa-u-prvi-razred-OS-2025-2026.-Medimurska-zupanija.pdf\" aria-describedby=\"wp-block-file--media-44c794d9-38fc-4b48-beab-89fe49022c5b\">Preuzmi<\/a><\/p>\n\n\n<div class=\"wp-block-file\"><a id=\"wp-block-file--media-86588e1b-d053-46f6-949c-8718e8a2ecba\" href=\"https:\/\/os-ivanovec.skole.hr\/wp-content\/uploads\/sites\/1042\/2025\/03\/Obavijest-za-roditelje_skrbnike-koji-jos-nisu-predali-zahtjev-za-redovan-upis-djece-u-prvi-razred.docx\">Obavijest-za-roditelje_skrbnike-koji-jos-nisu-predali-zahtjev-za-redovan-upis-djece-u-prvi-razred<\/a><a href=\"https:\/\/os-ivanovec.skole.hr\/wp-content\/uploads\/sites\/1042\/2025\/03\/Obavijest-za-roditelje_skrbnike-koji-jos-nisu-predali-zahtjev-za-redovan-upis-djece-u-prvi-razred.docx\" class=\"wp-block-file__button wp-element-button\" download aria-describedby=\"wp-block-file--media-86588e1b-d053-46f6-949c-8718e8a2ecba\">Preuzmi<\/a><\/div>\n\n\n\n<p><strong>RODITELJSKI SASTANAK ZA BUDU\u0106E PRVE RAZREDE<\/strong> ODR\u017dATI U <strong>\u010cETVRTAK, 03. SRPNJA 2025. <\/strong>S PO\u010cETKOM U<strong> 16.00 SATI <\/strong>U PROSTORIJAMA \u0160KOLE. <\/p>\n\n\n\n<p>&nbsp; <\/p>\n","protected":false},"excerpt":{"rendered":"<p>Na ovoj stranici u prilo\u017eenim dokumentima roditelji u\u010denika koji upisuju prvi razred mogu na\u0107i potrebne i korisne informacije.&nbsp; Sve potrebne materijale za upis u prvi razred djece u \u0161kolskoj godini 2026.\/2027. mo\u017eete na\u0107i u prilo\u017eenim dokumentima. Roditeljski sastanak za upis u 1.razred Roditeljski sastanak za upis djece u 1. razred osnovne \u0161kole u \u0161kolskoj godinu [&hellip;]<\/p>\n","protected":false},"author":9689,"featured_media":0,"parent":0,"menu_order":0,"comment_status":"closed","ping_status":"closed","template":"","meta":{"_et_pb_use_builder":"off","_et_pb_old_content":"<!-- wp:paragraph -->\n<p><\/p>\n<!-- \/wp:paragraph -->\n\n<!-- wp:paragraph -->\n<p>Na ovoj stranici u prilo\u017eenim dokumentima roditelji u\u010denika koji upisuju prvi razred mogu na\u0107i potrebne i korisne informacije.&nbsp;<\/p>\n<!-- \/wp:paragraph -->\n\n<!-- wp:image {\"lightbox\":{\"enabled\":false},\"id\":294402,\"width\":\"510px\",\"height\":\"auto\",\"sizeSlug\":\"large\",\"linkDestination\":\"custom\",\"align\":\"center\"} -->\n<figure class=\"wp-block-image aligncenter size-large is-resized\"><a href=\"https:\/\/cdn.pixabay.com\/photo\/2017\/08\/11\/01\/37\/back-to-school-2629361_1280.jpg\"><img src=\"https:\/\/os-ivanovec.skole.hr\/wp-content\/uploads\/sites\/1042\/2025\/01\/image-7-2-1024x682.jpg\" alt=\"\" class=\"wp-image-294402\" style=\"width:510px;height:auto\"\/><\/a><\/figure>\n<!-- \/wp:image -->\n\n<!-- wp:group {\"layout\":{\"type\":\"flex\",\"flexWrap\":\"nowrap\"}} -->\n<div class=\"wp-block-group\"><\/div>\n<!-- \/wp:group -->\n\n<!-- wp:heading {\"gradient\":\"pale-ocean\"} -->\n<h2 class=\"wp-block-heading has-pale-ocean-gradient-background has-background\">Roditeljski sastanak za upis u 1.razred<\/h2>\n<!-- \/wp:heading -->\n\n<!-- wp:heading {\"level\":4} -->\n<h4 class=\"wp-block-heading\">Roditeljski sastanak za upis djece u 1. razred osnovne \u0161kole u \u0161k. g. 2025.\/2026. odr\u017eat \u0107e se u prostorijama \u0161kole u utorak, 04. 02. 2025. s po\u010detkom u 17.00 sati.<\/h4>\n<!-- \/wp:heading -->\n\n<!-- wp:paragraph -->\n<p><\/p>\n<!-- \/wp:paragraph -->\n\n<p><a id=\"wp-block-file--media-66ee44fb-2d46-46d7-9b06-3642ed78e516\" href=\"https:\/\/os-ivanovec.skole.hr\/wp-content\/uploads\/sites\/1042\/2025\/01\/Mreza-osnovnoskolskih-ustanova-Medimurska-zupanija.pdf\">Mreza-osnovnoskolskih-ustanova-Medimurska-zupanija<\/a><a class=\"wp-block-file__button wp-element-button\" href=\"https:\/\/os-ivanovec.skole.hr\/wp-content\/uploads\/sites\/1042\/2025\/01\/Mreza-osnovnoskolskih-ustanova-Medimurska-zupanija.pdf\" aria-describedby=\"wp-block-file--media-66ee44fb-2d46-46d7-9b06-3642ed78e516\">Preuzmi<\/a><\/p>\n<p><a id=\"wp-block-file--media-3b90f0cf-5349-495e-8e3f-12f86d901a98\" href=\"https:\/\/os-ivanovec.skole.hr\/wp-content\/uploads\/sites\/1042\/2025\/01\/Obavijest-roditeljima-skrbnicima.pdf\">Obavijest-roditeljima-skrbnicima<\/a><a class=\"wp-block-file__button wp-element-button\" href=\"https:\/\/os-ivanovec.skole.hr\/wp-content\/uploads\/sites\/1042\/2025\/01\/Obavijest-roditeljima-skrbnicima.pdf\" aria-describedby=\"wp-block-file--media-3b90f0cf-5349-495e-8e3f-12f86d901a98\">Preuzmi<\/a><\/p>\n<p><a id=\"wp-block-file--media-44c794d9-38fc-4b48-beab-89fe49022c5b\" href=\"https:\/\/os-ivanovec.skole.hr\/wp-content\/uploads\/sites\/1042\/2025\/01\/Plan-upisa-u-prvi-razred-OS-2025-2026.-Medimurska-zupanija.pdf\">Plan-upisa-u-prvi-razred-OS-2025-2026.-Medimurska-zupanija<\/a><a class=\"wp-block-file__button wp-element-button\" href=\"https:\/\/os-ivanovec.skole.hr\/wp-content\/uploads\/sites\/1042\/2025\/01\/Plan-upisa-u-prvi-razred-OS-2025-2026.-Medimurska-zupanija.pdf\" aria-describedby=\"wp-block-file--media-44c794d9-38fc-4b48-beab-89fe49022c5b\">Preuzmi<\/a><\/p>\n\n<!-- wp:file {\"id\":296139,\"href\":\"https:\/\/os-ivanovec.skole.hr\/wp-content\/uploads\/sites\/1042\/2025\/03\/Obavijest-za-roditelje_skrbnike-koji-jos-nisu-predali-zahtjev-za-redovan-upis-djece-u-prvi-razred.docx\"} -->\n<div class=\"wp-block-file\"><a id=\"wp-block-file--media-86588e1b-d053-46f6-949c-8718e8a2ecba\" href=\"https:\/\/os-ivanovec.skole.hr\/wp-content\/uploads\/sites\/1042\/2025\/03\/Obavijest-za-roditelje_skrbnike-koji-jos-nisu-predali-zahtjev-za-redovan-upis-djece-u-prvi-razred.docx\">Obavijest-za-roditelje_skrbnike-koji-jos-nisu-predali-zahtjev-za-redovan-upis-djece-u-prvi-razred<\/a><a href=\"https:\/\/os-ivanovec.skole.hr\/wp-content\/uploads\/sites\/1042\/2025\/03\/Obavijest-za-roditelje_skrbnike-koji-jos-nisu-predali-zahtjev-za-redovan-upis-djece-u-prvi-razred.docx\" class=\"wp-block-file__button wp-element-button\" download aria-describedby=\"wp-block-file--media-86588e1b-d053-46f6-949c-8718e8a2ecba\">Preuzmi<\/a><\/div>\n<!-- \/wp:file -->","_et_gb_content_width":"","footnotes":""},"class_list":["post-293700","page","type-page","status-publish","hentry"],"_links":{"self":[{"href":"https:\/\/os-ivanovec.skole.hr\/index.php?rest_route=\/wp\/v2\/pages\/293700","targetHints":{"allow":["GET"]}}],"collection":[{"href":"https:\/\/os-ivanovec.skole.hr\/index.php?rest_route=\/wp\/v2\/pages"}],"about":[{"href":"https:\/\/os-ivanovec.skole.hr\/index.php?rest_route=\/wp\/v2\/types\/page"}],"author":[{"embeddable":true,"href":"https:\/\/os-ivanovec.skole.hr\/index.php?rest_route=\/wp\/v2\/users\/9689"}],"replies":[{"embeddable":true,"href":"https:\/\/os-ivanovec.skole.hr\/index.php?rest_route=%2Fwp%2Fv2%2Fcomments&post=293700"}],"version-history":[{"count":17,"href":"https:\/\/os-ivanovec.skole.hr\/index.php?rest_route=\/wp\/v2\/pages\/293700\/revisions"}],"predecessor-version":[{"id":298356,"href":"https:\/\/os-ivanovec.skole.hr\/index.php?rest_route=\/wp\/v2\/pages\/293700\/revisions\/298356"}],"wp:attachment":[{"href":"https:\/\/os-ivanovec.skole.hr\/index.php?rest_route=%2Fwp%2Fv2%2Fmedia&parent=293700"}],"curies":[{"name":"wp","href":"https:\/\/api.w.org\/{rel}","templated":true}]}}