{"id":152,"date":"2023-07-28T22:21:10","date_gmt":"2023-07-28T20:21:10","guid":{"rendered":"https:\/\/os-ivanovec.skole.hr\/?page_id=152"},"modified":"2025-01-02T11:27:37","modified_gmt":"2025-01-02T10:27:37","slug":"kontakt","status":"publish","type":"page","link":"https:\/\/os-ivanovec.skole.hr\/?page_id=152","title":{"rendered":"Kontakt"},"content":{"rendered":"\n<p><strong>Tajni\u0161tvo, fax:<\/strong>&nbsp; 040\/ 337 &#8211; 221<\/p>\n\n\n\n<p>Tajnica: Slavica Petkovi\u0107<\/p>\n\n\n\n<p><strong>Ravnatelj:&nbsp;<\/strong>&nbsp;040\/ 338 &#8211; 035<\/p>\n\n\n\n<p>Ravnateljica: Ksenija Korent<\/p>\n\n\n\n<p><strong>Pedagoginja:&nbsp;<\/strong>040\/ 338 &#8211; 036<\/p>\n\n\n\n<p>Pedagoginja: Ivanka Vrbanec-Kipa<\/p>\n\n\n\n<p><strong>Zbornica:&nbsp;<\/strong>&nbsp;040\/ 337 &#8211; 433<\/p>\n\n\n\n<p><strong>Knji\u017enica:<\/strong>&nbsp; 040\/ 337 &#8211; 221<\/p>\n\n\n\n<p>Knji\u017eni\u010darka: Tanja Radikovi\u0107<\/p>\n\n\n\n<p><strong>Mail:&nbsp;<\/strong>&nbsp;ured@os-ivanovec.skole.hr<\/p>\n\n\n\n<figure class=\"wp-block-image aligncenter size-large is-resized\"><img decoding=\"async\" width=\"1024\" height=\"768\" src=\"https:\/\/os-ivanovec.skole.hr\/wp-content\/uploads\/sites\/1042\/2024\/12\/image-7-1024x768.jpg\" alt=\"\" class=\"wp-image-293664\" style=\"width:289px;height:auto\" srcset=\"https:\/\/os-ivanovec.skole.hr\/wp-content\/uploads\/sites\/1042\/2024\/12\/image-7-980x735.jpg 980w, https:\/\/os-ivanovec.skole.hr\/wp-content\/uploads\/sites\/1042\/2024\/12\/image-7-480x360.jpg 480w\" sizes=\"(min-width: 0px) and (max-width: 480px) 480px, (min-width: 481px) and (max-width: 980px) 980px, (min-width: 981px) 1024px, 100vw\" \/><\/figure>\n","protected":false},"excerpt":{"rendered":"<p>Tajni\u0161tvo, fax:&nbsp; 040\/ 337 &#8211; 221 Tajnica: Slavica Petkovi\u0107 Ravnatelj:&nbsp;&nbsp;040\/ 338 &#8211; 035 Ravnateljica: Ksenija Korent Pedagoginja:&nbsp;040\/ 338 &#8211; 036 Pedagoginja: Ivanka Vrbanec-Kipa Zbornica:&nbsp;&nbsp;040\/ 337 &#8211; 433 Knji\u017enica:&nbsp; 040\/ 337 &#8211; 221 Knji\u017eni\u010darka: Tanja Radikovi\u0107 Mail:&nbsp;&nbsp;ured@os-ivanovec.skole.hr<\/p>\n","protected":false},"author":9689,"featured_media":0,"parent":0,"menu_order":0,"comment_status":"closed","ping_status":"closed","template":"","meta":{"_et_pb_use_builder":"off","_et_pb_old_content":"<!-- wp:divi\/placeholder \/-->","_et_gb_content_width":"","footnotes":""},"class_list":["post-152","page","type-page","status-publish","hentry"],"_links":{"self":[{"href":"https:\/\/os-ivanovec.skole.hr\/index.php?rest_route=\/wp\/v2\/pages\/152","targetHints":{"allow":["GET"]}}],"collection":[{"href":"https:\/\/os-ivanovec.skole.hr\/index.php?rest_route=\/wp\/v2\/pages"}],"about":[{"href":"https:\/\/os-ivanovec.skole.hr\/index.php?rest_route=\/wp\/v2\/types\/page"}],"author":[{"embeddable":true,"href":"https:\/\/os-ivanovec.skole.hr\/index.php?rest_route=\/wp\/v2\/users\/9689"}],"replies":[{"embeddable":true,"href":"https:\/\/os-ivanovec.skole.hr\/index.php?rest_route=%2Fwp%2Fv2%2Fcomments&post=152"}],"version-history":[{"count":2,"href":"https:\/\/os-ivanovec.skole.hr\/index.php?rest_route=\/wp\/v2\/pages\/152\/revisions"}],"predecessor-version":[{"id":294279,"href":"https:\/\/os-ivanovec.skole.hr\/index.php?rest_route=\/wp\/v2\/pages\/152\/revisions\/294279"}],"wp:attachment":[{"href":"https:\/\/os-ivanovec.skole.hr\/index.php?rest_route=%2Fwp%2Fv2%2Fmedia&parent=152"}],"curies":[{"name":"wp","href":"https:\/\/api.w.org\/{rel}","templated":true}]}}