{"id":116,"date":"2023-07-28T22:09:19","date_gmt":"2023-07-28T20:09:19","guid":{"rendered":"https:\/\/os-ivanovec.skole.hr\/?page_id=116"},"modified":"2025-10-03T09:46:09","modified_gmt":"2025-10-03T07:46:09","slug":"raspored-sati","status":"publish","type":"page","link":"https:\/\/os-ivanovec.skole.hr\/?page_id=116","title":{"rendered":"Raspored sati"},"content":{"rendered":"\n<p><\/p>\n\n\n\n<p class=\"has-text-align-center\"><strong>RAZREDNA NASTAVA<\/strong><\/p>\n\n\n\n<figure class=\"wp-block-table\"><table><tbody><tr><td colspan=\"6\">Raspored 1.R<\/td><\/tr><tr><td>Redni broj<\/td><td>Ponedjeljak<\/td><td>Utorak<\/td><td>Srijeda<\/td><td>\u010cetvrtak<\/td><td>Petak<\/td><\/tr><tr><td>1.<\/td><td>HJ<\/td><td>VJ<\/td><td>MAT<\/td><td>HJ<\/td><td>TZK<\/td><\/tr><tr><td>2.<\/td><td>MAT<\/td><td>ENG<\/td><td>PID<\/td><td>HJ<\/td><td>HJ<\/td><\/tr><tr><td>3.<\/td><td>TZK<\/td><td>HJ<\/td><td>VJ<\/td><td>ENG<\/td><td>PID<\/td><\/tr><tr><td>4.<\/td><td>INF<\/td><td>MAT<\/td><td>GK<\/td><td>MAT<\/td><td>LK<\/td><\/tr><tr><td>5.<\/td><td>INF<\/td><td>TZK<\/td><td>INA<\/td><td>DOD<\/td><td>SR<\/td><\/tr><tr><td>6.<\/td><td><\/td><td>&nbsp;DOP<\/td><td>&nbsp;<\/td><td>&nbsp;<\/td><td>&nbsp;<\/td><\/tr><\/tbody><\/table><figcaption class=\"wp-element-caption\">U\u010diteljica Vera Fu\u010dko<\/figcaption><\/figure>\n\n\n\n<figure class=\"wp-block-table\"><table><tbody><tr><td colspan=\"6\">Raspored 2.A<\/td><\/tr><tr><td>Redni broj<\/td><td>Ponedjeljak<\/td><td>Utorak<\/td><td>Srijeda<\/td><td>\u010cetvrtak<\/td><td>Petak<\/td><\/tr><tr><td>1.<\/td><td>SR<\/td><td>HJ<\/td><td>HJ<\/td><td>EJ<\/td><td>HJ<\/td><\/tr><tr><td>2.<\/td><td>HJ<\/td><td>MAT<\/td><td>MAT<\/td><td>MAT<\/td><td>MAT<\/td><\/tr><tr><td>3.<\/td><td>INF<\/td><td>PID<\/td><td>INF<\/td><td>PID<\/td><td>LK<\/td><\/tr><tr><td>4.<\/td><td>GK<\/td><td>EJ<\/td><td>TZK<\/td><td>HJ<\/td><td>TZK<\/td><\/tr><tr><td>5.<\/td><td>TZK<\/td><td>VJ<\/td><td>INA<\/td><td>DOP<\/td><td>DOD<\/td><\/tr><tr><td>6.<\/td><td><\/td><td>&nbsp;VJ<\/td><td>&nbsp;<\/td><td>&nbsp;<\/td><td>&nbsp;<\/td><\/tr><\/tbody><\/table><figcaption class=\"wp-element-caption\">                                                                                                                                                                                                      U\u010diteljica Gordana Juras<\/figcaption><\/figure>\n\n\n\n<figure class=\"wp-block-table\"><table><tbody><tr><td colspan=\"6\">Raspored 2.B<\/td><\/tr><tr><td>Redni broj<\/td><td>Ponedjeljak<\/td><td>Utorak<\/td><td>Srijeda<\/td><td>\u010cetvrtak<\/td><td>Petak<\/td><\/tr><tr><td>1.<\/td><td>INF<\/td><td>HJ<\/td><td>MAT<\/td><td>HJ<\/td><td>MAT<\/td><\/tr><tr><td>2.<\/td><td>NJ<\/td><td>MAT<\/td><td>HJ<\/td><td>MAT<\/td><td>HJ<\/td><\/tr><tr><td>3.<\/td><td>HJ<\/td><td>VJ<\/td><td>GK<\/td><td>PID<\/td><td>LK<\/td><\/tr><tr><td>4.<\/td><td>PID<\/td><td>VJ<\/td><td>INF<\/td><td>TZK<\/td><td>TZK<\/td><\/tr><tr><td>5.<\/td><td>TZK<\/td><td>NJ<\/td><td>INA<\/td><td>DOD<\/td><td>&nbsp;SR<\/td><\/tr><tr><td>6.<\/td><td>&nbsp;DOP<\/td><td><\/td><td>&nbsp;<\/td><td><\/td><td>&nbsp;<\/td><\/tr><\/tbody><\/table><figcaption class=\"wp-element-caption\">                                                                                                                                                                                                          U\u010diteljica Ru\u017eica Kacun<\/figcaption><\/figure>\n\n\n\n<figure class=\"wp-block-table\"><table><tbody><tr><td colspan=\"6\">Raspored 3.A<\/td><\/tr><tr><td>Redni broj<\/td><td>Ponedjeljak<\/td><td>Utorak<\/td><td>Srijeda<\/td><td>\u010cetvrtak<\/td><td>Petak<\/td><\/tr><tr><td>1.<\/td><td>PID<\/td><td>MAT<\/td><td>INF<\/td><td>TZK<\/td><td>HJ<\/td><\/tr><tr><td>2.<\/td><td>TZK<\/td><td>HJ<\/td><td>MAT<\/td><td>ENG<\/td><td>TZK<\/td><\/tr><tr><td>3.<\/td><td>HJ<\/td><td>GK<\/td><td>PID<\/td><td>MAT<\/td><td>MAT<\/td><\/tr><tr><td>4.<\/td><td>HJ<\/td><td>VJ<\/td><td>VJ<\/td><td>HJ<\/td><td>LK<\/td><\/tr><tr><td>5.<\/td><td>SR<\/td><td>ENG<\/td><td>INA<\/td><td>DOD<\/td><td>DOP<\/td><\/tr><tr><td>6.<\/td><td>&nbsp;INF<\/td><td>&nbsp;DOP ENG<\/td><td>&nbsp;<\/td><td><\/td><td>&nbsp;<\/td><\/tr><\/tbody><\/table><figcaption class=\"wp-element-caption\">                                                                                                                                                                                                     U\u010diteljica Irena Leva\u010di\u0107<\/figcaption><\/figure>\n\n\n\n<figure class=\"wp-block-table\"><table><tbody><tr><td colspan=\"6\">Raspored 3.B<\/td><\/tr><tr><td>Redni broj<\/td><td>Ponedjeljak<\/td><td>Utorak<\/td><td>Srijeda<\/td><td>\u010cetvrtak<\/td><td>Petak<\/td><\/tr><tr><td>1.<\/td><td>NJ<\/td><td>HJ<\/td><td>MAT<\/td><td>HJ<\/td><td>MAT<\/td><\/tr><tr><td>2.<\/td><td>INF<\/td><td>PID<\/td><td>INF<\/td><td>MAT<\/td><td>HJ<\/td><\/tr><tr><td>3.<\/td><td>HJ<\/td><td>TZK<\/td><td>HJ<\/td><td>TZK<\/td><td>LK<\/td><\/tr><tr><td>4.<\/td><td>TZK<\/td><td>NJ<\/td><td>GK<\/td><td>PID<\/td><td>SR<\/td><\/tr><tr><td>5.<\/td><td>MAT<\/td><td>VJ<\/td><td>INA<\/td><td>DOD<\/td><td><\/td><\/tr><tr><td>6.<\/td><td>&nbsp;DOP<\/td><td>&nbsp;VJ<\/td><td>&nbsp;<\/td><td><\/td><td>&nbsp;<\/td><\/tr><\/tbody><\/table><figcaption class=\"wp-element-caption\">                                                                                                                                                                                      U\u010diteljica Tonka Breglec Bla\u017eeka<\/figcaption><\/figure>\n\n\n\n<figure class=\"wp-block-table\"><table><tbody><tr><td colspan=\"6\">Raspored 4.A<\/td><\/tr><tr><td>Redni broj<\/td><td>Ponedjeljak<\/td><td>Utorak<\/td><td>Srijeda<\/td><td>\u010cetvrtak<\/td><td>Petak<\/td><\/tr><tr><td>1.<\/td><td>TZK<\/td><td>EJ<\/td><td>VJ<\/td><td>HJ<\/td><td>TZK<\/td><\/tr><tr><td>2.<\/td><td>HJ<\/td><td>VJ<\/td><td>GK<\/td><td>MAT<\/td><td>MAT<\/td><\/tr><tr><td>3.<\/td><td>HJ<\/td><td>INF<\/td><td>HJ<\/td><td>ENG<\/td><td>PID<\/td><\/tr><tr><td>4.<\/td><td>MAT<\/td><td>HJ<\/td><td>PID<\/td><td>INF<\/td><td>LK<\/td><\/tr><tr><td>5.<\/td><td>PID<\/td><td>MAT<\/td><td>INA<\/td><td>NJ<\/td><td>SR<\/td><\/tr><tr><td>6.<\/td><td>DOP HJ\/MAT<\/td><td>DOD MAT  \/ DOP ENG<\/td><td>&nbsp;<\/td><td>NJ<\/td><td>&nbsp;<\/td><\/tr><\/tbody><\/table><figcaption class=\"wp-element-caption\">                                                                                                                                                                                     U\u010diteljica Vlatka Kolari\u0107 Deban<\/figcaption><\/figure>\n\n\n\n<figure class=\"wp-block-table\"><table><tbody><tr><td colspan=\"6\">Raspored 4.B<\/td><\/tr><tr><td>Redni broj<\/td><td>Ponedjeljak<\/td><td>Utorak<\/td><td>Srijeda<\/td><td>\u010cetvrtak<\/td><td>Petak<\/td><\/tr><tr><td>1.<\/td><td>HJ<\/td><td>INF (ujutro) \/MAT (popodne)<\/td><td>GK<\/td><td>MAT<\/td><td>HJ<\/td><\/tr><tr><td>2.<\/td><td>HJ<\/td><td>INF (ujutro) \/PID (popodne)<\/td><td>VJ<\/td><td>TZK<\/td><td>PID<\/td><\/tr><tr><td>3.<\/td><td>NJ<\/td><td>VJ<\/td><td>HJ<\/td><td>PID<\/td><td>LK<\/td><\/tr><tr><td>4.<\/td><td>TZK<\/td><td>HJ<\/td><td>MAT<\/td><td>NJ<\/td><td>SR<\/td><\/tr><tr><td>5.<\/td><td>MAT<\/td><td>MAT (ujutro) \/ INF (popodne)<\/td><td>INA<\/td><td>EJ<\/td><td>DOP<\/td><\/tr><tr><td>6.<\/td><td>DOD<\/td><td>PID (ujutro) \/ INF (popodne)<\/td><td>&nbsp;<\/td><td>EJ<\/td><td>&nbsp; <\/td><\/tr><\/tbody><\/table><figcaption class=\"wp-element-caption\">U\u010diteljica Mirela Radovan<\/figcaption><\/figure>\n\n\n\n<p><\/p>\n\n\n\n<p class=\"has-text-align-center\"><strong>PREDMETNA NASTAVA<\/strong><\/p>\n\n\n\n<p><\/p>\n\n\n\n<figure class=\"wp-block-image size-full\"><img decoding=\"async\" width=\"983\" height=\"758\" src=\"https:\/\/os-ivanovec.skole.hr\/wp-content\/uploads\/sites\/1042\/2025\/09\/image.png\" alt=\"\" class=\"wp-image-297582\" srcset=\"https:\/\/os-ivanovec.skole.hr\/wp-content\/uploads\/sites\/1042\/2025\/09\/image.png 983w, https:\/\/os-ivanovec.skole.hr\/wp-content\/uploads\/sites\/1042\/2025\/09\/image-980x756.png 980w, https:\/\/os-ivanovec.skole.hr\/wp-content\/uploads\/sites\/1042\/2025\/09\/image-480x370.png 480w\" sizes=\"(min-width: 0px) and (max-width: 480px) 480px, (min-width: 481px) and (max-width: 980px) 980px, (min-width: 981px) 983px, 100vw\" \/><\/figure>\n\n\n\n<p><\/p>\n\n\n\n<figure class=\"wp-block-image size-full\"><img decoding=\"async\" width=\"992\" height=\"739\" src=\"https:\/\/os-ivanovec.skole.hr\/wp-content\/uploads\/sites\/1042\/2025\/09\/image-1.png\" alt=\"\" class=\"wp-image-297585\" srcset=\"https:\/\/os-ivanovec.skole.hr\/wp-content\/uploads\/sites\/1042\/2025\/09\/image-1.png 992w, https:\/\/os-ivanovec.skole.hr\/wp-content\/uploads\/sites\/1042\/2025\/09\/image-1-980x730.png 980w, https:\/\/os-ivanovec.skole.hr\/wp-content\/uploads\/sites\/1042\/2025\/09\/image-1-480x358.png 480w\" sizes=\"(min-width: 0px) and (max-width: 480px) 480px, (min-width: 481px) and (max-width: 980px) 980px, (min-width: 981px) 992px, 100vw\" \/><\/figure>\n\n\n\n<figure class=\"wp-block-image size-full\"><img decoding=\"async\" width=\"986\" height=\"717\" src=\"https:\/\/os-ivanovec.skole.hr\/wp-content\/uploads\/sites\/1042\/2025\/09\/image-2.png\" alt=\"\" class=\"wp-image-297588\" srcset=\"https:\/\/os-ivanovec.skole.hr\/wp-content\/uploads\/sites\/1042\/2025\/09\/image-2.png 986w, https:\/\/os-ivanovec.skole.hr\/wp-content\/uploads\/sites\/1042\/2025\/09\/image-2-980x713.png 980w, https:\/\/os-ivanovec.skole.hr\/wp-content\/uploads\/sites\/1042\/2025\/09\/image-2-480x349.png 480w\" sizes=\"(min-width: 0px) and (max-width: 480px) 480px, (min-width: 481px) and (max-width: 980px) 980px, (min-width: 981px) 986px, 100vw\" \/><\/figure>\n\n\n\n<figure class=\"wp-block-image size-full\"><img decoding=\"async\" width=\"990\" height=\"729\" src=\"https:\/\/os-ivanovec.skole.hr\/wp-content\/uploads\/sites\/1042\/2025\/09\/image-3.png\" alt=\"\" class=\"wp-image-297591\" srcset=\"https:\/\/os-ivanovec.skole.hr\/wp-content\/uploads\/sites\/1042\/2025\/09\/image-3.png 990w, https:\/\/os-ivanovec.skole.hr\/wp-content\/uploads\/sites\/1042\/2025\/09\/image-3-980x722.png 980w, https:\/\/os-ivanovec.skole.hr\/wp-content\/uploads\/sites\/1042\/2025\/09\/image-3-480x353.png 480w\" sizes=\"(min-width: 0px) and (max-width: 480px) 480px, (min-width: 481px) and (max-width: 980px) 980px, (min-width: 981px) 990px, 100vw\" \/><\/figure>\n\n\n\n<figure class=\"wp-block-image size-full\"><img decoding=\"async\" width=\"981\" height=\"726\" src=\"https:\/\/os-ivanovec.skole.hr\/wp-content\/uploads\/sites\/1042\/2025\/09\/image-4.png\" alt=\"\" class=\"wp-image-297594\" srcset=\"https:\/\/os-ivanovec.skole.hr\/wp-content\/uploads\/sites\/1042\/2025\/09\/image-4.png 981w, https:\/\/os-ivanovec.skole.hr\/wp-content\/uploads\/sites\/1042\/2025\/09\/image-4-480x355.png 480w\" sizes=\"(min-width: 0px) and (max-width: 480px) 480px, (min-width: 481px) 981px, 100vw\" \/><\/figure>\n\n\n\n<p><\/p>\n\n\n\n<figure class=\"wp-block-image size-full\"><img decoding=\"async\" width=\"980\" height=\"729\" src=\"https:\/\/os-ivanovec.skole.hr\/wp-content\/uploads\/sites\/1042\/2025\/09\/image-5.png\" alt=\"\" class=\"wp-image-297597\" srcset=\"https:\/\/os-ivanovec.skole.hr\/wp-content\/uploads\/sites\/1042\/2025\/09\/image-5.png 980w, https:\/\/os-ivanovec.skole.hr\/wp-content\/uploads\/sites\/1042\/2025\/09\/image-5-480x357.png 480w\" sizes=\"(min-width: 0px) and (max-width: 480px) 480px, (min-width: 481px) 980px, 100vw\" \/><\/figure>\n\n\n\n<figure class=\"wp-block-image size-full\"><img decoding=\"async\" width=\"985\" height=\"729\" src=\"https:\/\/os-ivanovec.skole.hr\/wp-content\/uploads\/sites\/1042\/2025\/09\/image-6.png\" alt=\"\" class=\"wp-image-297600\" srcset=\"https:\/\/os-ivanovec.skole.hr\/wp-content\/uploads\/sites\/1042\/2025\/09\/image-6.png 985w, https:\/\/os-ivanovec.skole.hr\/wp-content\/uploads\/sites\/1042\/2025\/09\/image-6-980x725.png 980w, https:\/\/os-ivanovec.skole.hr\/wp-content\/uploads\/sites\/1042\/2025\/09\/image-6-480x355.png 480w\" sizes=\"(min-width: 0px) and (max-width: 480px) 480px, (min-width: 481px) and (max-width: 980px) 980px, (min-width: 981px) 985px, 100vw\" \/><\/figure>\n\n\n\n<figure class=\"wp-block-image size-full\"><img decoding=\"async\" width=\"987\" height=\"727\" src=\"https:\/\/os-ivanovec.skole.hr\/wp-content\/uploads\/sites\/1042\/2025\/09\/image-7.png\" alt=\"\" class=\"wp-image-297603\" srcset=\"https:\/\/os-ivanovec.skole.hr\/wp-content\/uploads\/sites\/1042\/2025\/09\/image-7.png 987w, https:\/\/os-ivanovec.skole.hr\/wp-content\/uploads\/sites\/1042\/2025\/09\/image-7-980x722.png 980w, https:\/\/os-ivanovec.skole.hr\/wp-content\/uploads\/sites\/1042\/2025\/09\/image-7-480x354.png 480w\" sizes=\"(min-width: 0px) and (max-width: 480px) 480px, (min-width: 481px) and (max-width: 980px) 980px, (min-width: 981px) 987px, 100vw\" \/><\/figure>\n\n\n\n<p><\/p>\n\n\n\n<p><\/p>\n\n\n\n<p><strong><em>TERMINI ODR\u017dAVANJA DOPUNSKE NASTAVE U PREDMETNOJ NASTAVI\u00a0<\/em><\/strong><\/p>\n\n\n\n<figure class=\"wp-block-table\"><table><tbody><tr><td><strong>Naziv predmeta dopunske<\/strong>&nbsp; <strong>nastave<\/strong>&nbsp;<\/td><td><strong>Voditelj dopunske nastave<\/strong>&nbsp;<\/td><td><strong>Razred<\/strong>&nbsp;<\/td><\/tr><tr><td>Hrvatski jezik&nbsp;<\/td><td>Dijana Kozjak&nbsp;<\/td><td>5.a, 5.b., 7.a, 7.b&nbsp; Ponedjeljak 7. sat, \u010detvrtak 0.sat<\/td><\/tr><tr><td>Hrvatski jezik&nbsp;<\/td><td>Nata\u0161a Kralj&nbsp;<\/td><td>5.a, 5.b, 7.a, 7.b Utorak 7.sat, srijeda 0.sat&nbsp;<\/td><\/tr><tr><td>Matematika&nbsp;<\/td><td>Vesna Martinjak&nbsp;<\/td><td>6.a, 6.b, 8.a, 8.b&nbsp; \u010cetvrtak 7.sat, petak 0.sat<\/td><\/tr><tr><td>Matematika&nbsp;<\/td><td>Dajana Kova\u010di\u0107&nbsp;<\/td><td>6.a, 6.b., 7.a., 7.b&nbsp; \u010cetvrtak 0.sat, petak 7. sat \u2013 6.r Utorak 0.sat, petak 6.sat, -7.r<\/td><\/tr><tr><td>Engleski jezik&nbsp;<\/td><td>Ivana Grade\u010dak&nbsp;<\/td><td>5.a, 6.a Utorak, 0. ili 7. sat&nbsp;<\/td><\/tr><tr><td>Njema\u010dki jezik&nbsp;<\/td><td>Ivana Komar Srnec&nbsp;<\/td><td>6.b, 7.b&nbsp; Ponedjeljak, 7. i 8. sat \u2013 6.r Utorak, 7. i 8. sat \u2013 7.r<\/td><\/tr><tr><td>Fizika&nbsp;<\/td><td>Marko Krha\u010d&nbsp;<\/td><td>7.a, 7.b, 8.a, 8.b&nbsp; Ponedjeljak 7. sat ili Utorak 0. sat<\/td><\/tr><tr><td>Kemija&nbsp;<\/td><td>Nina Magdaleni\u0107-Veselko&nbsp;<\/td><td>7.a, 7.b, 8.a, 8.b&nbsp; Utorak, 7.sat ili \u010cetvrtak, 0. sat<\/td><\/tr><\/tbody><\/table><\/figure>\n","protected":false},"excerpt":{"rendered":"<p>RAZREDNA NASTAVA Raspored 1.R Redni broj Ponedjeljak Utorak Srijeda \u010cetvrtak Petak 1. HJ VJ MAT HJ TZK 2. MAT ENG PID HJ HJ 3. TZK HJ VJ ENG PID 4. INF MAT GK MAT LK 5. INF TZK INA DOD SR 6. &nbsp;DOP &nbsp; &nbsp; &nbsp; U\u010diteljica Vera Fu\u010dko Raspored 2.A Redni broj Ponedjeljak Utorak [&hellip;]<\/p>\n","protected":false},"author":1096,"featured_media":0,"parent":0,"menu_order":0,"comment_status":"closed","ping_status":"closed","template":"","meta":{"_et_pb_use_builder":"off","_et_pb_old_content":"","_et_gb_content_width":"","footnotes":""},"class_list":["post-116","page","type-page","status-publish","hentry"],"_links":{"self":[{"href":"https:\/\/os-ivanovec.skole.hr\/index.php?rest_route=\/wp\/v2\/pages\/116","targetHints":{"allow":["GET"]}}],"collection":[{"href":"https:\/\/os-ivanovec.skole.hr\/index.php?rest_route=\/wp\/v2\/pages"}],"about":[{"href":"https:\/\/os-ivanovec.skole.hr\/index.php?rest_route=\/wp\/v2\/types\/page"}],"author":[{"embeddable":true,"href":"https:\/\/os-ivanovec.skole.hr\/index.php?rest_route=\/wp\/v2\/users\/1096"}],"replies":[{"embeddable":true,"href":"https:\/\/os-ivanovec.skole.hr\/index.php?rest_route=%2Fwp%2Fv2%2Fcomments&post=116"}],"version-history":[{"count":15,"href":"https:\/\/os-ivanovec.skole.hr\/index.php?rest_route=\/wp\/v2\/pages\/116\/revisions"}],"predecessor-version":[{"id":297771,"href":"https:\/\/os-ivanovec.skole.hr\/index.php?rest_route=\/wp\/v2\/pages\/116\/revisions\/297771"}],"wp:attachment":[{"href":"https:\/\/os-ivanovec.skole.hr\/index.php?rest_route=%2Fwp%2Fv2%2Fmedia&parent=116"}],"curies":[{"name":"wp","href":"https:\/\/api.w.org\/{rel}","templated":true}]}}