{"id":104,"date":"2023-07-28T22:08:49","date_gmt":"2023-07-28T20:08:49","guid":{"rendered":"https:\/\/os-ivanovec.skole.hr\/?page_id=104"},"modified":"2025-01-02T11:50:14","modified_gmt":"2025-01-02T10:50:14","slug":"produzeni-boravak","status":"publish","type":"page","link":"https:\/\/os-ivanovec.skole.hr\/?page_id=104","title":{"rendered":"Produ\u017eeni boravak"},"content":{"rendered":"\n<figure class=\"wp-block-image aligncenter size-large is-resized\"><a href=\"https:\/\/os-ivanovec.skole.hr\/produzeni-boravak\/image-7-14\/\"><img decoding=\"async\" width=\"1024\" height=\"681\" src=\"https:\/\/os-ivanovec.skole.hr\/wp-content\/uploads\/sites\/1042\/2025\/01\/image-7-1024x681.jpg\" alt=\"\" class=\"wp-image-294327\" style=\"width:463px;height:auto\" srcset=\"https:\/\/os-ivanovec.skole.hr\/wp-content\/uploads\/sites\/1042\/2025\/01\/image-7-1024x681.jpg 1024w, https:\/\/os-ivanovec.skole.hr\/wp-content\/uploads\/sites\/1042\/2025\/01\/image-7-980x652.jpg 980w, https:\/\/os-ivanovec.skole.hr\/wp-content\/uploads\/sites\/1042\/2025\/01\/image-7-480x319.jpg 480w\" sizes=\"(min-width: 0px) and (max-width: 480px) 480px, (min-width: 481px) and (max-width: 980px) 980px, (min-width: 981px) 1024px, 100vw\" \/><\/a><\/figure>\n\n\n\n<p>Svakodnevno tijekom cijele nastavne godine 2024.\/2025., prijepodne od 7.30 &#8211; 12.30 ili poslijepodne od 11.30 &#8211; 16.30 h<\/p>\n\n\n\n<div class=\"wp-block-group is-nowrap is-layout-flex wp-container-core-group-is-layout-ad2f72ca wp-block-group-is-layout-flex\">\n<p><strong>Ciljevi programa rada i organizacije vremena u produ\u017eenom boravku<\/strong><br>Omogu\u0107iti djetetu \u017eivot ispunjen razli\u010ditim sadr\u017eajima koji \u0107e povoljno utjecati na razvoj njegove\/njezine cjelokupne osobnosti te individualnih i jedinstvenih potencijala, omogu\u0107iti razvoj djeteta kao socijalnog bi\u0107a \u2013 tijekom boravka u \u0161koli stalno je prisutna socijalna interakcija \u0161to omogu\u0107uje razvoj i unapre\u0111enje socijalnih vje\u0161tina djeteta (suradnja s ostalim \u010dlanovima razredne i \u0161kolske zajednice), pripremiti dijete za daljnje obrazovanje i cjelo\u017eivotno u\u010denje (u\u010diti kako u\u010diti).<\/p>\n<\/div>\n\n\n\n<p><\/p>\n\n\n\n<p><strong>Na\u010din realizacije<\/strong><\/p>\n\n\n\n<p>U\u010denici 1., 2. i 3. razreda se uklju\u010duju u program produ\u017eenog na temelju vlastite odluke i odluke roditelja. U radu \u0107e se koristiti metoda usmenog izlaganja, individualni rad, metoda demonstracije, crtanje, rad u manjoj skupini &#8211; istra\u017eivanje problema pomo\u0107u suradni\u010dkog u\u010denja te osposobljavanje u\u010denika za samostalno rje\u0161avanje zadataka, u\u010denje kroz igru, praksu, u\u010denje za \u017eivot.<\/p>\n\n\n\n<p><\/p>\n\n\n\n<p><strong>Konkretne aktivnosti koje \u0107e se provoditi<\/strong><\/p>\n\n\n\n<p>Vje\u017ebanje i ponavljanje nastavnih sadr\u017eaja te pisanje doma\u0107ih zada\u0107a.<\/p>\n\n\n\n<p>Ostvarivanje aktivnosti organiziranog vremena kroz jezi\u010dno-komunikacijsko podru\u010dje, prirodoslovno-matemati\u010dko, kulturno-umjetni\u010dko te sportsko-rekreativno podru\u010dje, socijalizacija, odnos prema sebi, zdravlju, okolini i radnim obavezama, igre te aktivnosti prema odabiru \u0161kole, roditelja i u\u010denika.<\/p>\n\n\n\n<p><\/p>\n\n\n\n<p><\/p>\n","protected":false},"excerpt":{"rendered":"<p>Svakodnevno tijekom cijele nastavne godine 2024.\/2025., prijepodne od 7.30 &#8211; 12.30 ili poslijepodne od 11.30 &#8211; 16.30 h Ciljevi programa rada i organizacije vremena u produ\u017eenom boravkuOmogu\u0107iti djetetu \u017eivot ispunjen razli\u010ditim sadr\u017eajima koji \u0107e povoljno utjecati na razvoj njegove\/njezine cjelokupne osobnosti te individualnih i jedinstvenih potencijala, omogu\u0107iti razvoj djeteta kao socijalnog bi\u0107a \u2013 tijekom boravka [&hellip;]<\/p>\n","protected":false},"author":9689,"featured_media":0,"parent":0,"menu_order":0,"comment_status":"closed","ping_status":"closed","template":"","meta":{"_et_pb_use_builder":"off","_et_pb_old_content":"<!-- wp:paragraph -->\n<p>Svakodnevno tijekom cijele nastavne godine 2024.\/2025., prijepodne od 7.30 - 12.30 ili poslijepodne od 11.30 - 16.30 h<\/p>\n<!-- \/wp:paragraph -->\n\n<!-- wp:group {\"layout\":{\"type\":\"flex\",\"flexWrap\":\"nowrap\"}} -->\n<div class=\"wp-block-group\"><!-- wp:paragraph -->\n<p><strong>Ciljevi programa rada i organizacije vremena u produ\u017eenom boravku<\/strong><br>Omogu\u0107iti djetetu \u017eivot ispunjen razli\u010ditim sadr\u017eajima koji \u0107e povoljno utjecati na razvoj njegove\/njezine cjelokupne osobnosti te individualnih i jedinstvenih potencijala, omogu\u0107iti razvoj djeteta kao socijalnog bi\u0107a \u2013 tijekom boravka u \u0161koli stalno je prisutna socijalna interakcija \u0161to omogu\u0107uje razvoj i unapre\u0111enje socijalnih vje\u0161tina djeteta (suradnja s ostalim \u010dlanovima razredne i \u0161kolske zajednice), pripremiti dijete za daljnje obrazovanje i cjelo\u017eivotno u\u010denje (u\u010diti kako u\u010diti).<\/p>\n<!-- \/wp:paragraph -->\n\n<!-- wp:image {\"id\":294327,\"width\":\"463px\",\"height\":\"auto\",\"sizeSlug\":\"large\",\"linkDestination\":\"attachment\",\"align\":\"center\"} -->\n<figure class=\"wp-block-image aligncenter size-large is-resized\"><a href=\"https:\/\/os-ivanovec.skole.hr\/produzeni-boravak\/image-7-14\/\"><img src=\"https:\/\/os-ivanovec.skole.hr\/wp-content\/uploads\/sites\/1042\/2025\/01\/image-7-1024x681.jpg\" alt=\"\" class=\"wp-image-294327\" style=\"width:463px;height:auto\" \/><\/a><\/figure>\n<!-- \/wp:image --><\/div>\n<!-- \/wp:group -->\n\n<!-- wp:paragraph -->\n<p><\/p>\n<!-- \/wp:paragraph -->\n\n<!-- wp:paragraph -->\n<p><strong>Na\u010din realizacije<\/strong><\/p>\n<!-- \/wp:paragraph -->\n\n<!-- wp:paragraph -->\n<p>U\u010denici 1., 2. i 3. razreda se uklju\u010duju u program produ\u017eenog na temelju vlastite odluke i odluke roditelja. U radu \u0107e se koristiti metoda usmenog izlaganja, individualni rad, metoda demonstracije, crtanje, rad u manjoj skupini - istra\u017eivanje problema pomo\u0107u suradni\u010dkog u\u010denja te osposobljavanje u\u010denika za samostalno rje\u0161avanje zadataka, u\u010denje kroz igru, praksu, u\u010denje za \u017eivot.<\/p>\n<!-- \/wp:paragraph -->\n\n<!-- wp:paragraph -->\n<p><\/p>\n<!-- \/wp:paragraph -->\n\n<!-- wp:paragraph -->\n<p><strong>Konkretne aktivnosti koje \u0107e se provoditi<\/strong><\/p>\n<!-- \/wp:paragraph -->\n\n<!-- wp:paragraph -->\n<p>Vje\u017ebanje i ponavljanje nastavnih sadr\u017eaja te pisanje doma\u0107ih zada\u0107a.<\/p>\n<!-- \/wp:paragraph -->\n\n<!-- wp:paragraph -->\n<p>Ostvarivanje aktivnosti organiziranog vremena kroz jezi\u010dno-komunikacijsko podru\u010dje, prirodoslovno-matemati\u010dko, kulturno-umjetni\u010dko te sportsko-rekreativno podru\u010dje, socijalizacija, odnos prema sebi, zdravlju, okolini i radnim obavezama, igre te aktivnosti prema odabiru \u0161kole, roditelja i u\u010denika.<\/p>\n<!-- \/wp:paragraph -->","_et_gb_content_width":"","footnotes":""},"class_list":["post-104","page","type-page","status-publish","hentry"],"_links":{"self":[{"href":"https:\/\/os-ivanovec.skole.hr\/index.php?rest_route=\/wp\/v2\/pages\/104","targetHints":{"allow":["GET"]}}],"collection":[{"href":"https:\/\/os-ivanovec.skole.hr\/index.php?rest_route=\/wp\/v2\/pages"}],"about":[{"href":"https:\/\/os-ivanovec.skole.hr\/index.php?rest_route=\/wp\/v2\/types\/page"}],"author":[{"embeddable":true,"href":"https:\/\/os-ivanovec.skole.hr\/index.php?rest_route=\/wp\/v2\/users\/9689"}],"replies":[{"embeddable":true,"href":"https:\/\/os-ivanovec.skole.hr\/index.php?rest_route=%2Fwp%2Fv2%2Fcomments&post=104"}],"version-history":[{"count":6,"href":"https:\/\/os-ivanovec.skole.hr\/index.php?rest_route=\/wp\/v2\/pages\/104\/revisions"}],"predecessor-version":[{"id":294348,"href":"https:\/\/os-ivanovec.skole.hr\/index.php?rest_route=\/wp\/v2\/pages\/104\/revisions\/294348"}],"wp:attachment":[{"href":"https:\/\/os-ivanovec.skole.hr\/index.php?rest_route=%2Fwp%2Fv2%2Fmedia&parent=104"}],"curies":[{"name":"wp","href":"https:\/\/api.w.org\/{rel}","templated":true}]}}